{"id":685,"date":"2025-03-05T22:06:51","date_gmt":"2025-03-05T22:06:51","guid":{"rendered":"https:\/\/dev.cap-e.ca\/?page_id=685"},"modified":"2025-09-24T17:26:25","modified_gmt":"2025-09-24T17:26:25","slug":"services","status":"publish","type":"page","link":"https:\/\/cap-e.ca\/fr\/cap-e\/services\/","title":{"rendered":"Services"},"content":{"rendered":"\t\t<div data-elementor-type=\"wp-page\" data-elementor-id=\"685\" class=\"elementor elementor-685\">\n\t\t\t\t<div class=\"elementor-element elementor-element-7607fa53 e-grid container e-con-boxed e-con e-parent\" data-id=\"7607fa53\" data-element_type=\"container\">\n\t\t\t\t\t<div class=\"e-con-inner\">\n\t\t\t\t<div class=\"elementor-element elementor-element-fbf155f elementor-widget elementor-widget-heading\" data-id=\"fbf155f\" data-element_type=\"widget\" data-widget_type=\"heading.default\">\n\t\t\t\t<div class=\"elementor-widget-container\">\n\t\t\t\t\t<h3 class=\"elementor-heading-title elementor-size-default\">Une d\u00e9marche structur\u00e9e \npour un soutien adapt\u00e9<\/h3>\t\t\t\t<\/div>\n\t\t\t\t<\/div>\n\t\t\t\t<div class=\"elementor-element elementor-element-14e7d8f9 elementor-widget elementor-widget-text-editor\" data-id=\"14e7d8f9\" data-element_type=\"widget\" data-widget_type=\"text-editor.default\">\n\t\t\t\t<div class=\"elementor-widget-container\">\n\t\t\t\t\t\t\t\t\t<p><span style=\"font-weight: 400;\">Nos services sont principalement offerts par vid\u00e9oconf\u00e9rence, afin d\u2019assurer un acc\u00e8s \u00e9quitable \u00e0 toutes les familles, peu importe o\u00f9 elles se trouvent au Qu\u00e9bec.<\/span><\/p><p><b>POUR TOUS<\/b><span style=\"font-weight: 400;\"> : Activit\u00e9s de sensibilisation et d\u2019\u00e9ducation ouvertes \u00e0 tous, sans limite de participants, souvent gratuites ou offertes \u00e0 petit prix.<\/span><\/p><p><b>POUR LES MEMBRES<\/b><span style=\"font-weight: 400;\"> : Acc\u00e8s privil\u00e9gi\u00e9 \u00e0 des activit\u00e9s et services plus sp\u00e9cialis\u00e9s. <\/span><span style=\"font-weight: 400;\">\u27a3 <\/span><strong><em><span style=\"font-size: 1.125rem;\">Prenez note que la participation \u00e0 la soir\u00e9e \u00e9ducative d\u2019introduction \u00e0 l\u2019ali\u00e9nation parentale est obligatoire avant l&rsquo;acc\u00e8s \u00e0 nos services.<\/span><\/em><\/strong><\/p>\t\t\t\t\t\t\t\t<\/div>\n\t\t\t\t<\/div>\n\t\t\t\t\t<\/div>\n\t\t\t\t<\/div>\n\t\t<div class=\"elementor-element elementor-element-12d1705 container e-flex e-con-boxed e-con e-child\" data-id=\"12d1705\" data-element_type=\"container\" data-settings=\"{&quot;background_background&quot;:&quot;classic&quot;}\">\n\t\t\t\t\t<div class=\"e-con-inner\">\n\t\t\t\t<div class=\"elementor-element elementor-element-c246987 elementor-widget elementor-widget-heading\" data-id=\"c246987\" data-element_type=\"widget\" data-widget_type=\"heading.default\">\n\t\t\t\t<div class=\"elementor-widget-container\">\n\t\t\t\t\t<h2 class=\"elementor-heading-title elementor-size-default\">Description des activit\u00e9s<\/h2>\t\t\t\t<\/div>\n\t\t\t\t<\/div>\n\t\t\t\t\t<\/div>\n\t\t\t\t<\/div>\n\t\t<div class=\"elementor-element elementor-element-bcb4e0d container e-flex e-con-boxed e-con e-parent\" data-id=\"bcb4e0d\" data-element_type=\"container\">\n\t\t\t\t\t<div class=\"e-con-inner\">\n\t\t\t\t<div class=\"elementor-element elementor-element-9b66f20 elementor-widget elementor-widget-image\" data-id=\"9b66f20\" data-element_type=\"widget\" data-widget_type=\"image.default\">\n\t\t\t\t<div class=\"elementor-widget-container\">\n\t\t\t\t\t\t\t\t\t\t\t\t\t\t\t<img fetchpriority=\"high\" decoding=\"async\" width=\"1915\" height=\"709\" src=\"https:\/\/cap-e.ca\/wp-content\/uploads\/2025\/04\/Services-description.png\" class=\"attachment-full size-full wp-image-8726\" alt=\"Services description\" srcset=\"https:\/\/cap-e.ca\/wp-content\/uploads\/2025\/04\/Services-description.png 1915w, https:\/\/cap-e.ca\/wp-content\/uploads\/2025\/04\/Services-description-300x111.png 300w, https:\/\/cap-e.ca\/wp-content\/uploads\/2025\/04\/Services-description-1024x379.png 1024w, https:\/\/cap-e.ca\/wp-content\/uploads\/2025\/04\/Services-description-768x284.png 768w, https:\/\/cap-e.ca\/wp-content\/uploads\/2025\/04\/Services-description-1536x569.png 1536w, https:\/\/cap-e.ca\/wp-content\/uploads\/2025\/04\/Services-description-18x7.png 18w, https:\/\/cap-e.ca\/wp-content\/uploads\/2025\/04\/Services-description-200x74.png 200w, https:\/\/cap-e.ca\/wp-content\/uploads\/2025\/04\/Services-description-1568x581.png 1568w\" sizes=\"(max-width: 1915px) 100vw, 1915px\" \/>\t\t\t\t\t\t\t\t\t\t\t\t\t\t\t<\/div>\n\t\t\t\t<\/div>\n\t\t\t\t<div class=\"elementor-element elementor-element-2c18c78 elementor-widget elementor-widget-spacer\" data-id=\"2c18c78\" data-element_type=\"widget\" data-widget_type=\"spacer.default\">\n\t\t\t\t<div class=\"elementor-widget-container\">\n\t\t\t\t\t\t\t<div class=\"elementor-spacer\">\n\t\t\t<div class=\"elementor-spacer-inner\"><\/div>\n\t\t<\/div>\n\t\t\t\t\t\t<\/div>\n\t\t\t\t<\/div>\n\t\t\t\t<div class=\"elementor-element elementor-element-1627aefc elementor-widget elementor-widget-text-editor\" data-id=\"1627aefc\" data-element_type=\"widget\" data-widget_type=\"text-editor.default\">\n\t\t\t\t<div class=\"elementor-widget-container\">\n\t\t\t\t\t\t\t\t\t<h5>Une gamme d&rsquo;activit\u00e9s adapt\u00e9es aux diff\u00e9rents besoins<\/h5><p><span style=\"font-weight: 400;\">Chaque situation est unique et \u00e9volue \u00e0 son propre rythme.\u00a0 C\u2019est pourquoi le CAP-E propose une gamme d\u2019activit\u00e9s adapt\u00e9es aux diff\u00e9rents besoins des familles et \u00e0 leur entourage confront\u00e9es \u00e0 l\u2019ali\u00e9nation parentale, notamment en mati\u00e8re d\u2019\u00e9ducation, d\u2019entraide et d\u2019accompagnement.<\/span><\/p>\t\t\t\t\t\t\t\t<\/div>\n\t\t\t\t<\/div>\n\t\t\t\t<div class=\"elementor-element elementor-element-1f4281e elementor-widget elementor-widget-n-accordion\" data-id=\"1f4281e\" data-element_type=\"widget\" data-settings=\"{&quot;max_items_expended&quot;:&quot;multiple&quot;,&quot;default_state&quot;:&quot;all_collapsed&quot;,&quot;n_accordion_animation_duration&quot;:{&quot;unit&quot;:&quot;ms&quot;,&quot;size&quot;:400,&quot;sizes&quot;:[]}}\" data-widget_type=\"nested-accordion.default\">\n\t\t\t\t<div class=\"elementor-widget-container\">\n\t\t\t\t\t\t\t<div class=\"e-n-accordion\" aria-label=\"Accordion. Open links with Enter or Space, close with Escape, and navigate with Arrow Keys\">\n\t\t\t\t\t\t<details id=\"e-n-accordion-item-3270\" class=\"e-n-accordion-item\" >\n\t\t\t\t<summary class=\"e-n-accordion-item-title\" data-accordion-index=\"1\" tabindex=\"0\" aria-expanded=\"false\" aria-controls=\"e-n-accordion-item-3270\" >\n\t\t\t\t\t<span class='e-n-accordion-item-title-header'><h3 class=\"e-n-accordion-item-title-text\"> Conf\u00e9rence <\/h3><\/span>\n\t\t\t\t\t\t\t<span class='e-n-accordion-item-title-icon'>\n\t\t\t<span class='e-opened' ><i aria-hidden=\"true\" class=\"fa-solid fa-angle-down\"><\/i><\/span>\n\t\t\t<span class='e-closed'><i aria-hidden=\"true\" class=\"fa-solid fa-angle-right\"><\/i><\/span>\n\t\t<\/span>\n\n\t\t\t\t\t\t<\/summary>\n\t\t\t\t<div role=\"region\" aria-labelledby=\"e-n-accordion-item-3270\" class=\"elementor-element elementor-element-95556f9 e-con-full e-flex e-con e-child\" data-id=\"95556f9\" data-element_type=\"container\">\n\t\t\t\t<div class=\"elementor-element elementor-element-885296e elementor-widget elementor-widget-text-editor\" data-id=\"885296e\" data-element_type=\"widget\" data-widget_type=\"text-editor.default\">\n\t\t\t\t<div class=\"elementor-widget-container\">\n\t\t\t\t\t\t\t\t\t<div id=\"elementor-accordion-content-11057570791\" class=\"elementor-tab-content elementor-clearfix elementor-active\" role=\"tabpanel\" data-tab=\"1\" aria-labelledby=\"elementor-accordion-title-11057570791\"><div class=\"panel-tab-content\"><p><b>Pour qui ?<br \/><\/b> Parents, entourage, intervenants \u2013 ouvert \u00e0 tous<\/p><p><b>Quand ?<\/b> <br \/>En soir\u00e9e (sans limite de participants)<\/p><p><b>O\u00f9 ?<br \/><\/b> En vid\u00e9oconf\u00e9rence<\/p><p><b>Description : <\/b>Atelier-conf\u00e9rence anim\u00e9 par une intervenante du CAP-E ou un professionnel du milieu psychosocial ou juridique. Des contenus \u00e9ducatifs, des pistes de r\u00e9flexion et des t\u00e9moignages porteurs d\u2019espoir y sont propos\u00e9s.<\/p><\/div><\/div>\t\t\t\t\t\t\t\t<\/div>\n\t\t\t\t<\/div>\n\t\t\t\t<\/div>\n\t\t\t\t\t<\/details>\n\t\t\t\t\t\t<details id=\"e-n-accordion-item-3271\" class=\"e-n-accordion-item\" >\n\t\t\t\t<summary class=\"e-n-accordion-item-title\" data-accordion-index=\"2\" tabindex=\"-1\" aria-expanded=\"false\" aria-controls=\"e-n-accordion-item-3271\" >\n\t\t\t\t\t<span class='e-n-accordion-item-title-header'><h3 class=\"e-n-accordion-item-title-text\"> Soir\u00e9e \u00e9ducative | Identifier et pr\u00e9venir l'ali\u00e9nation parentale <\/h3><\/span>\n\t\t\t\t\t\t\t<span class='e-n-accordion-item-title-icon'>\n\t\t\t<span class='e-opened' ><i aria-hidden=\"true\" class=\"fa-solid fa-angle-down\"><\/i><\/span>\n\t\t\t<span class='e-closed'><i aria-hidden=\"true\" class=\"fa-solid fa-angle-right\"><\/i><\/span>\n\t\t<\/span>\n\n\t\t\t\t\t\t<\/summary>\n\t\t\t\t<div role=\"region\" aria-labelledby=\"e-n-accordion-item-3271\" class=\"elementor-element elementor-element-07b9a79 e-con-full e-flex e-con e-child\" data-id=\"07b9a79\" data-element_type=\"container\">\n\t\t\t\t<div class=\"elementor-element elementor-element-b90741b elementor-widget elementor-widget-text-editor\" data-id=\"b90741b\" data-element_type=\"widget\" data-widget_type=\"text-editor.default\">\n\t\t\t\t<div class=\"elementor-widget-container\">\n\t\t\t\t\t\t\t\t\t<div id=\"elementor-accordion-content-11057570791\" class=\"elementor-tab-content elementor-clearfix elementor-active\" role=\"tabpanel\" data-tab=\"1\" aria-labelledby=\"elementor-accordion-title-11057570791\"><div class=\"panel-tab-content\"><div id=\"elementor-accordion-content-11057570792\" class=\"elementor-tab-content elementor-clearfix elementor-active\" role=\"tabpanel\" data-tab=\"2\" aria-labelledby=\"elementor-accordion-title-11057570792\"><div class=\"panel-tab-content\"><p><b>Pour qui ?<br \/><\/b>Parents, entourage, intervenants \u2013 ouvert \u00e0 tous<\/p><p><b>Quand ?<\/b> <br \/>En soir\u00e9e (sans limite de participants)<\/p><p><b>O\u00f9 ?<\/b> <br \/>En vid\u00e9oconf\u00e9rence<\/p><p><b>Description : <\/b>Soir\u00e9e d\u2019introduction \u00e0 l\u2019ali\u00e9nation parentale. Elle permet de mieux comprendre\u00a0 les dynamiques \u00e0 l\u2019\u0153uvre, les facteurs de risques et les distinctions entre conflit de loyaut\u00e9, conflit s\u00e9v\u00e8re de s\u00e9paration et ali\u00e9nation parentale.<\/p><\/div><\/div><\/div><\/div>\t\t\t\t\t\t\t\t<\/div>\n\t\t\t\t<\/div>\n\t\t\t\t<\/div>\n\t\t\t\t\t<\/details>\n\t\t\t\t\t\t<details id=\"e-n-accordion-item-3272\" class=\"e-n-accordion-item\" >\n\t\t\t\t<summary class=\"e-n-accordion-item-title\" data-accordion-index=\"3\" tabindex=\"-1\" aria-expanded=\"false\" aria-controls=\"e-n-accordion-item-3272\" >\n\t\t\t\t\t<span class='e-n-accordion-item-title-header'><h3 class=\"e-n-accordion-item-title-text\"> Groupe de soutien <\/h3><\/span>\n\t\t\t\t\t\t\t<span class='e-n-accordion-item-title-icon'>\n\t\t\t<span class='e-opened' ><i aria-hidden=\"true\" class=\"fa-solid fa-angle-down\"><\/i><\/span>\n\t\t\t<span class='e-closed'><i aria-hidden=\"true\" class=\"fa-solid fa-angle-right\"><\/i><\/span>\n\t\t<\/span>\n\n\t\t\t\t\t\t<\/summary>\n\t\t\t\t<div role=\"region\" aria-labelledby=\"e-n-accordion-item-3272\" class=\"elementor-element elementor-element-ced4f95 e-con-full e-flex e-con e-child\" data-id=\"ced4f95\" data-element_type=\"container\">\n\t\t\t\t<div class=\"elementor-element elementor-element-9893ad3 elementor-widget elementor-widget-text-editor\" data-id=\"9893ad3\" data-element_type=\"widget\" data-widget_type=\"text-editor.default\">\n\t\t\t\t<div class=\"elementor-widget-container\">\n\t\t\t\t\t\t\t\t\t<div id=\"elementor-accordion-content-11057570791\" class=\"elementor-tab-content elementor-clearfix elementor-active\" role=\"tabpanel\" data-tab=\"1\" aria-labelledby=\"elementor-accordion-title-11057570791\"><div class=\"panel-tab-content\"><div id=\"elementor-accordion-content-11057570793\" class=\"elementor-tab-content elementor-clearfix elementor-active\" role=\"tabpanel\" data-tab=\"3\" aria-labelledby=\"elementor-accordion-title-11057570793\"><div class=\"panel-tab-content\"><p><b>Pour qui ?<\/b> <br \/>Parents vivant une rupture ou un rejet de lien\u00a0<br \/><br \/><b>Pr\u00e9alable\u00a0:<\/b> \u00catre membre du CAP-E et avoir particip\u00e9 \u00e0 la soir\u00e9e \u00e9ducative d\u2019introduction \u00e0 l\u2019ali\u00e9nation parentale.<\/p><p><b>Quand ?<\/b> <br \/>En soir\u00e9e (12 participants) ou sur l\u2019heure du midi (6 participants)<\/p><p><b>O\u00f9 ?<\/b> <br \/>Principalement en vid\u00e9oconf\u00e9rence<\/p><p><b>Description : <\/b>Groupe de parole anim\u00e9 par un intervenant sp\u00e9cialis\u00e9 en ali\u00e9nation parentale. Cet espace s\u00e9curitaire favorise l\u2019\u00e9coute, le partage d\u2019exp\u00e9riences et l\u2019apprentissage de strat\u00e9gies concr\u00e8tes pour pr\u00e9server son \u00e9quilibre et avancer vers une r\u00e9conciliation.<\/p><\/div><\/div><\/div><\/div>\t\t\t\t\t\t\t\t<\/div>\n\t\t\t\t<\/div>\n\t\t\t\t<\/div>\n\t\t\t\t\t<\/details>\n\t\t\t\t\t\t<details id=\"e-n-accordion-item-3273\" class=\"e-n-accordion-item\" >\n\t\t\t\t<summary class=\"e-n-accordion-item-title\" data-accordion-index=\"4\" tabindex=\"-1\" aria-expanded=\"false\" aria-controls=\"e-n-accordion-item-3273\" >\n\t\t\t\t\t<span class='e-n-accordion-item-title-header'><h3 class=\"e-n-accordion-item-title-text\"> Accompagnement | Suivi personnalis\u00e9 <\/h3><\/span>\n\t\t\t\t\t\t\t<span class='e-n-accordion-item-title-icon'>\n\t\t\t<span class='e-opened' ><i aria-hidden=\"true\" class=\"fa-solid fa-angle-down\"><\/i><\/span>\n\t\t\t<span class='e-closed'><i aria-hidden=\"true\" class=\"fa-solid fa-angle-right\"><\/i><\/span>\n\t\t<\/span>\n\n\t\t\t\t\t\t<\/summary>\n\t\t\t\t<div role=\"region\" aria-labelledby=\"e-n-accordion-item-3273\" class=\"elementor-element elementor-element-bff7c6c e-con-full e-flex e-con e-child\" data-id=\"bff7c6c\" data-element_type=\"container\">\n\t\t\t\t<div class=\"elementor-element elementor-element-e597bbc elementor-widget elementor-widget-text-editor\" data-id=\"e597bbc\" data-element_type=\"widget\" data-widget_type=\"text-editor.default\">\n\t\t\t\t<div class=\"elementor-widget-container\">\n\t\t\t\t\t\t\t\t\t<div id=\"elementor-accordion-content-11057570791\" class=\"elementor-tab-content elementor-clearfix elementor-active\" role=\"tabpanel\" data-tab=\"1\" aria-labelledby=\"elementor-accordion-title-11057570791\"><div class=\"panel-tab-content\"><p><b>Pr\u00e9alable\u00a0:<\/b> \u00catre membre du CAP-E et avoir particip\u00e9 \u00e0 la soir\u00e9e \u00e9ducative d\u2019introduction \u00e0 l\u2019ali\u00e9nation parentale.<\/p><p><b>Quand ?<\/b> <br \/>Selon les disponibilit\u00e9s<\/p><p><b>O\u00f9 ?<\/b> <br \/>En vid\u00e9oconf\u00e9rence<\/p><p><b>Description : <\/b>Suivi individuel ou familial avec un intervenant sp\u00e9cialis\u00e9 en ali\u00e9nation parentale. Un accompagnement sur mesure visant \u00e0 analyser la situation et mettre en place des strat\u00e9gies adapt\u00e9es pour pr\u00e9server ou reconstruire le lien avec l\u2019enfant.<\/p><\/div><\/div>\t\t\t\t\t\t\t\t<\/div>\n\t\t\t\t<\/div>\n\t\t\t\t<\/div>\n\t\t\t\t\t<\/details>\n\t\t\t\t\t<\/div>\n\t\t\t\t\t\t<\/div>\n\t\t\t\t<\/div>\n\t\t\t\t\t<\/div>\n\t\t\t\t<\/div>\n\t\t<div class=\"elementor-element elementor-element-18ec882 container e-flex e-con-boxed e-con e-child\" data-id=\"18ec882\" data-element_type=\"container\" data-settings=\"{&quot;background_background&quot;:&quot;classic&quot;}\">\n\t\t\t\t\t<div class=\"e-con-inner\">\n\t\t\t\t<div class=\"elementor-element elementor-element-41ebb9c elementor-widget elementor-widget-heading\" data-id=\"41ebb9c\" data-element_type=\"widget\" data-widget_type=\"heading.default\">\n\t\t\t\t<div class=\"elementor-widget-container\">\n\t\t\t\t\t<h2 class=\"elementor-heading-title elementor-size-default\">Calendrier et inscription<\/h2>\t\t\t\t<\/div>\n\t\t\t\t<\/div>\n\t\t\t\t<div class=\"elementor-element elementor-element-32ab261 elementor-widget elementor-widget-html\" data-id=\"32ab261\" data-element_type=\"widget\" data-widget_type=\"html.default\">\n\t\t\t\t<div class=\"elementor-widget-container\">\n\t\t\t\t\t<!-- D\u00e9but de widget en ligne Calendly -->\n<div class=\"calendly-inline-widget\" data-url=\"https:\/\/calendly.com\/info-cap-e?hide_gdpr_banner=1\" data-resize=\"true\" style=\"height:700px;\"><\/div>\n<script type=\"text\/javascript\" src=\"https:\/\/assets.calendly.com\/assets\/external\/widget.js\" async><\/script>\n<!-- Fin de widget en ligne Calendly -->\t\t\t\t<\/div>\n\t\t\t\t<\/div>\n\t\t\t\t\t<\/div>\n\t\t\t\t<\/div>\n\t\t\t\t<\/div>\n\t\t","protected":false},"excerpt":{"rendered":"<p>Une d\u00e9marche structur\u00e9e pour un soutien adapt\u00e9 Nos services sont principalement offerts par vid\u00e9oconf\u00e9rence, afin d\u2019assurer un acc\u00e8s \u00e9quitable \u00e0 toutes les familles, peu importe o\u00f9 elles se trouvent au Qu\u00e9bec. POUR TOUS : Activit\u00e9s de sensibilisation et d\u2019\u00e9ducation ouvertes \u00e0 tous, sans limite de participants, souvent gratuites ou offertes \u00e0 petit prix. POUR LES [&hellip;]<\/p>\n","protected":false},"author":5,"featured_media":0,"parent":661,"menu_order":0,"comment_status":"closed","ping_status":"closed","template":"","meta":{"footnotes":""},"class_list":["post-685","page","type-page","status-publish","hentry"],"yoast_head":"<!-- This site is optimized with the Yoast SEO plugin v24.9 - https:\/\/yoast.com\/wordpress\/plugins\/seo\/ -->\n<title>Services - CAP-E<\/title>\n<meta name=\"robots\" content=\"index, follow, max-snippet:-1, max-image-preview:large, max-video-preview:-1\" \/>\n<link rel=\"canonical\" href=\"https:\/\/cap-e.ca\/fr\/cap-e\/services\/\" \/>\n<meta property=\"og:locale\" content=\"fr_CA\" \/>\n<meta property=\"og:type\" content=\"article\" \/>\n<meta property=\"og:title\" content=\"Services - CAP-E\" \/>\n<meta property=\"og:description\" content=\"Une d\u00e9marche structur\u00e9e pour un soutien adapt\u00e9 Nos services sont principalement offerts par vid\u00e9oconf\u00e9rence, afin d\u2019assurer un acc\u00e8s \u00e9quitable \u00e0 toutes les familles, peu importe o\u00f9 elles se trouvent au Qu\u00e9bec. POUR TOUS : Activit\u00e9s de sensibilisation et d\u2019\u00e9ducation ouvertes \u00e0 tous, sans limite de participants, souvent gratuites ou offertes \u00e0 petit prix. POUR LES [&hellip;]\" \/>\n<meta property=\"og:url\" content=\"https:\/\/cap-e.ca\/fr\/cap-e\/services\/\" \/>\n<meta property=\"og:site_name\" content=\"CAP-E\" \/>\n<meta property=\"article:publisher\" content=\"https:\/\/www.facebook.com\/cape.parent.enfant\/\" \/>\n<meta property=\"article:modified_time\" content=\"2025-09-24T17:26:25+00:00\" \/>\n<meta property=\"og:image\" content=\"https:\/\/cap-e.ca\/wp-content\/uploads\/2025\/04\/Services-description.png?wsr\" \/>\n\t<meta property=\"og:image:width\" content=\"1915\" \/>\n\t<meta property=\"og:image:height\" content=\"709\" \/>\n\t<meta property=\"og:image:type\" content=\"image\/png\" \/>\n<meta name=\"twitter:card\" content=\"summary_large_image\" \/>\n<meta name=\"twitter:label1\" content=\"Estimation du temps de lecture\" \/>\n\t<meta name=\"twitter:data1\" content=\"3 minutes\" \/>\n<script type=\"application\/ld+json\" class=\"yoast-schema-graph\">{\"@context\":\"https:\/\/schema.org\",\"@graph\":[{\"@type\":\"WebPage\",\"@id\":\"https:\/\/cap-e.ca\/fr\/cap-e\/services\/\",\"url\":\"https:\/\/cap-e.ca\/fr\/cap-e\/services\/\",\"name\":\"Services - CAP-E\",\"isPartOf\":{\"@id\":\"https:\/\/cap-e.ca\/#website\"},\"primaryImageOfPage\":{\"@id\":\"https:\/\/cap-e.ca\/fr\/cap-e\/services\/#primaryimage\"},\"image\":{\"@id\":\"https:\/\/cap-e.ca\/fr\/cap-e\/services\/#primaryimage\"},\"thumbnailUrl\":\"https:\/\/cap-e.ca\/wp-content\/uploads\/2025\/04\/Services-description.png?wsr\",\"datePublished\":\"2025-03-05T22:06:51+00:00\",\"dateModified\":\"2025-09-24T17:26:25+00:00\",\"breadcrumb\":{\"@id\":\"https:\/\/cap-e.ca\/fr\/cap-e\/services\/#breadcrumb\"},\"inLanguage\":\"fr-CA\",\"potentialAction\":[{\"@type\":\"ReadAction\",\"target\":[\"https:\/\/cap-e.ca\/fr\/cap-e\/services\/\"]}]},{\"@type\":\"ImageObject\",\"inLanguage\":\"fr-CA\",\"@id\":\"https:\/\/cap-e.ca\/fr\/cap-e\/services\/#primaryimage\",\"url\":\"https:\/\/cap-e.ca\/wp-content\/uploads\/2025\/04\/Services-description.png?wsr\",\"contentUrl\":\"https:\/\/cap-e.ca\/wp-content\/uploads\/2025\/04\/Services-description.png?wsr\"},{\"@type\":\"BreadcrumbList\",\"@id\":\"https:\/\/cap-e.ca\/fr\/cap-e\/services\/#breadcrumb\",\"itemListElement\":[{\"@type\":\"ListItem\",\"position\":1,\"name\":\"Home\",\"item\":\"https:\/\/cap-e.ca\/\"},{\"@type\":\"ListItem\",\"position\":2,\"name\":\"CAP-E\",\"item\":\"https:\/\/cap-e.ca\/cap-e\/\"},{\"@type\":\"ListItem\",\"position\":3,\"name\":\"Services\"}]},{\"@type\":\"WebSite\",\"@id\":\"https:\/\/cap-e.ca\/#website\",\"url\":\"https:\/\/cap-e.ca\/\",\"name\":\"CAP-E\",\"description\":\"\",\"potentialAction\":[{\"@type\":\"SearchAction\",\"target\":{\"@type\":\"EntryPoint\",\"urlTemplate\":\"https:\/\/cap-e.ca\/?s={search_term_string}\"},\"query-input\":{\"@type\":\"PropertyValueSpecification\",\"valueRequired\":true,\"valueName\":\"search_term_string\"}}],\"inLanguage\":\"fr-CA\"}]}<\/script>\n<!-- \/ Yoast SEO plugin. -->","yoast_head_json":{"title":"Services - CAP-E","robots":{"index":"index","follow":"follow","max-snippet":"max-snippet:-1","max-image-preview":"max-image-preview:large","max-video-preview":"max-video-preview:-1"},"canonical":"https:\/\/cap-e.ca\/fr\/cap-e\/services\/","og_locale":"fr_CA","og_type":"article","og_title":"Services - CAP-E","og_description":"Une d\u00e9marche structur\u00e9e pour un soutien adapt\u00e9 Nos services sont principalement offerts par vid\u00e9oconf\u00e9rence, afin d\u2019assurer un acc\u00e8s \u00e9quitable \u00e0 toutes les familles, peu importe o\u00f9 elles se trouvent au Qu\u00e9bec. POUR TOUS : Activit\u00e9s de sensibilisation et d\u2019\u00e9ducation ouvertes \u00e0 tous, sans limite de participants, souvent gratuites ou offertes \u00e0 petit prix. POUR LES [&hellip;]","og_url":"https:\/\/cap-e.ca\/fr\/cap-e\/services\/","og_site_name":"CAP-E","article_publisher":"https:\/\/www.facebook.com\/cape.parent.enfant\/","article_modified_time":"2025-09-24T17:26:25+00:00","og_image":[{"width":1915,"height":709,"url":"https:\/\/cap-e.ca\/wp-content\/uploads\/2025\/04\/Services-description.png?wsr","type":"image\/png"}],"twitter_card":"summary_large_image","twitter_misc":{"Estimation du temps de lecture":"3 minutes"},"schema":{"@context":"https:\/\/schema.org","@graph":[{"@type":"WebPage","@id":"https:\/\/cap-e.ca\/fr\/cap-e\/services\/","url":"https:\/\/cap-e.ca\/fr\/cap-e\/services\/","name":"Services - CAP-E","isPartOf":{"@id":"https:\/\/cap-e.ca\/#website"},"primaryImageOfPage":{"@id":"https:\/\/cap-e.ca\/fr\/cap-e\/services\/#primaryimage"},"image":{"@id":"https:\/\/cap-e.ca\/fr\/cap-e\/services\/#primaryimage"},"thumbnailUrl":"https:\/\/cap-e.ca\/wp-content\/uploads\/2025\/04\/Services-description.png?wsr","datePublished":"2025-03-05T22:06:51+00:00","dateModified":"2025-09-24T17:26:25+00:00","breadcrumb":{"@id":"https:\/\/cap-e.ca\/fr\/cap-e\/services\/#breadcrumb"},"inLanguage":"fr-CA","potentialAction":[{"@type":"ReadAction","target":["https:\/\/cap-e.ca\/fr\/cap-e\/services\/"]}]},{"@type":"ImageObject","inLanguage":"fr-CA","@id":"https:\/\/cap-e.ca\/fr\/cap-e\/services\/#primaryimage","url":"https:\/\/cap-e.ca\/wp-content\/uploads\/2025\/04\/Services-description.png?wsr","contentUrl":"https:\/\/cap-e.ca\/wp-content\/uploads\/2025\/04\/Services-description.png?wsr"},{"@type":"BreadcrumbList","@id":"https:\/\/cap-e.ca\/fr\/cap-e\/services\/#breadcrumb","itemListElement":[{"@type":"ListItem","position":1,"name":"Home","item":"https:\/\/cap-e.ca\/"},{"@type":"ListItem","position":2,"name":"CAP-E","item":"https:\/\/cap-e.ca\/cap-e\/"},{"@type":"ListItem","position":3,"name":"Services"}]},{"@type":"WebSite","@id":"https:\/\/cap-e.ca\/#website","url":"https:\/\/cap-e.ca\/","name":"CAP-E","description":"","potentialAction":[{"@type":"SearchAction","target":{"@type":"EntryPoint","urlTemplate":"https:\/\/cap-e.ca\/?s={search_term_string}"},"query-input":{"@type":"PropertyValueSpecification","valueRequired":true,"valueName":"search_term_string"}}],"inLanguage":"fr-CA"}]}},"_links":{"self":[{"href":"https:\/\/cap-e.ca\/fr\/wp-json\/wp\/v2\/pages\/685","targetHints":{"allow":["GET"]}}],"collection":[{"href":"https:\/\/cap-e.ca\/fr\/wp-json\/wp\/v2\/pages"}],"about":[{"href":"https:\/\/cap-e.ca\/fr\/wp-json\/wp\/v2\/types\/page"}],"author":[{"embeddable":true,"href":"https:\/\/cap-e.ca\/fr\/wp-json\/wp\/v2\/users\/5"}],"replies":[{"embeddable":true,"href":"https:\/\/cap-e.ca\/fr\/wp-json\/wp\/v2\/comments?post=685"}],"version-history":[{"count":295,"href":"https:\/\/cap-e.ca\/fr\/wp-json\/wp\/v2\/pages\/685\/revisions"}],"predecessor-version":[{"id":12074,"href":"https:\/\/cap-e.ca\/fr\/wp-json\/wp\/v2\/pages\/685\/revisions\/12074"}],"up":[{"embeddable":true,"href":"https:\/\/cap-e.ca\/fr\/wp-json\/wp\/v2\/pages\/661"}],"wp:attachment":[{"href":"https:\/\/cap-e.ca\/fr\/wp-json\/wp\/v2\/media?parent=685"}],"curies":[{"name":"wp","href":"https:\/\/api.w.org\/{rel}","templated":true}]}}