{"id":679,"date":"2025-03-05T21:59:19","date_gmt":"2025-03-05T21:59:19","guid":{"rendered":"https:\/\/dev.cap-e.ca\/?page_id=679"},"modified":"2025-09-10T23:17:31","modified_gmt":"2025-09-10T23:17:31","slug":"partenaires","status":"publish","type":"page","link":"https:\/\/cap-e.ca\/en\/cap-e\/partenaires\/","title":{"rendered":"Partenaires"},"content":{"rendered":"<div data-elementor-type=\"wp-page\" data-elementor-id=\"679\" class=\"elementor elementor-679\">\n\t\t\t\t<div class=\"elementor-element elementor-element-0096e5d e-flex e-con-boxed e-con e-parent\" data-id=\"0096e5d\" data-element_type=\"container\">\n\t\t\t\t\t<div class=\"e-con-inner\">\n\t\t<div class=\"elementor-element elementor-element-641a9473 e-con-full e-flex e-con e-child\" data-id=\"641a9473\" data-element_type=\"container\">\n\t\t\t\t<div class=\"elementor-element elementor-element-19e020a4 elementor-widget elementor-widget-heading\" data-id=\"19e020a4\" data-element_type=\"widget\" data-widget_type=\"heading.default\">\n\t\t\t\t<div class=\"elementor-widget-container\">\n\t\t\t\t\t<h3 class=\"elementor-heading-title elementor-size-default\">Merci du fond du c\u0153ur\u2009!<\/h3>\t\t\t\t<\/div>\n\t\t\t\t<\/div>\n\t\t\t\t<div class=\"elementor-element elementor-element-7f7117cb elementor-widget-laptop__width-initial elementor-widget elementor-widget-text-editor\" data-id=\"7f7117cb\" data-element_type=\"widget\" data-widget_type=\"text-editor.default\">\n\t\t\t\t<div class=\"elementor-widget-container\">\n\t\t\t\t\t\t\t\t\t<p><em><span style=\"font-weight: 400;\">\u00c0 vous, chers donateurs<\/span><\/em><\/p><p><span style=\"font-weight: 400;\">Gr\u00e2ce \u00e0 vous, <strong>nous avons une voix<\/strong>. <br \/><\/span><span style=\"font-weight: 400;\">Gr\u00e2ce \u00e0 vous, <strong>nous retrouvons l\u2019espoir<\/strong>. <br \/><\/span><span style=\"font-weight: 400;\">Gr\u00e2ce \u00e0 vous, <strong>la mission du CAP-E r\u00e9sonne plus fort,<br \/><\/strong>ouvrant la voie \u00e0 des solutions concr\u00e8tes pour prot\u00e9ger notre bien-\u00eatre et notre int\u00e9grit\u00e9.<\/span><\/p><p><span style=\"font-weight: 400;\">Chaque don, chaque geste de soutien, fait une diff\u00e9rence immense dans nos vies.<\/span><\/p><p><span style=\"font-weight: 400;\">Vous ne nous connaissez peut-\u00eatre pas tous\u2026 mais nous, nous savons que vous \u00eates l\u00e0. <\/span><span style=\"font-weight: 400;\">Merci d\u2019\u00eatre \u00e0 nos c\u00f4t\u00e9s !<\/span><\/p><p><em><span style=\"font-weight: 400;\">Les enfants de l\u2019AP<\/span><\/em><\/p>\t\t\t\t\t\t\t\t<\/div>\n\t\t\t\t<\/div>\n\t\t\t\t<\/div>\n\t\t<div class=\"elementor-element elementor-element-7e4dc84 e-con-full e-flex e-con e-child\" data-id=\"7e4dc84\" data-element_type=\"container\">\n\t\t\t\t<div class=\"elementor-element elementor-element-fc3d90b elementor-widget elementor-widget-image\" data-id=\"fc3d90b\" data-element_type=\"widget\" data-widget_type=\"image.default\">\n\t\t\t\t<div class=\"elementor-widget-container\">\n\t\t\t\t\t\t\t\t\t\t\t\t\t\t\t<img fetchpriority=\"high\" decoding=\"async\" width=\"683\" height=\"1024\" src=\"https:\/\/cap-e.ca\/wp-content\/uploads\/2025\/04\/Merci_ado-1-683x1024.png\" class=\"attachment-large size-large wp-image-9652\" alt=\"Merci_ado\" srcset=\"https:\/\/cap-e.ca\/wp-content\/uploads\/2025\/04\/Merci_ado-1-683x1024.png 683w, https:\/\/cap-e.ca\/wp-content\/uploads\/2025\/04\/Merci_ado-1-200x300.png 200w, https:\/\/cap-e.ca\/wp-content\/uploads\/2025\/04\/Merci_ado-1-768x1152.png 768w, https:\/\/cap-e.ca\/wp-content\/uploads\/2025\/04\/Merci_ado-1-8x12.png 8w, https:\/\/cap-e.ca\/wp-content\/uploads\/2025\/04\/Merci_ado-1.png 800w\" sizes=\"(max-width: 683px) 100vw, 683px\" \/>\t\t\t\t\t\t\t\t\t\t\t\t\t\t\t<\/div>\n\t\t\t\t<\/div>\n\t\t\t\t<\/div>\n\t\t\t\t\t<\/div>\n\t\t\t\t<\/div>\n\t\t<div class=\"elementor-element elementor-element-b3ef7f7 container e-flex e-con-boxed e-con e-parent\" data-id=\"b3ef7f7\" data-element_type=\"container\" data-settings=\"{&quot;background_background&quot;:&quot;classic&quot;}\">\n\t\t\t\t\t<div class=\"e-con-inner\">\n\t\t\t\t<div class=\"elementor-element elementor-element-02bbd75 elementor-widget elementor-widget-heading\" data-id=\"02bbd75\" data-element_type=\"widget\" data-widget_type=\"heading.default\">\n\t\t\t\t<div class=\"elementor-widget-container\">\n\t\t\t\t\t<h3 class=\"elementor-heading-title elementor-size-default\">Partenaires financiers<\/h3>\t\t\t\t<\/div>\n\t\t\t\t<\/div>\n\t\t\t\t<div class=\"elementor-element elementor-element-615aa66 elementor-widget elementor-widget-spacer\" data-id=\"615aa66\" data-element_type=\"widget\" data-widget_type=\"spacer.default\">\n\t\t\t\t<div class=\"elementor-widget-container\">\n\t\t\t\t\t\t\t<div class=\"elementor-spacer\">\n\t\t\t<div class=\"elementor-spacer-inner\"><\/div>\n\t\t<\/div>\n\t\t\t\t\t\t<\/div>\n\t\t\t\t<\/div>\n\t\t<div class=\"elementor-element elementor-element-3646dc4 e-grid e-con-boxed e-con e-child\" data-id=\"3646dc4\" data-element_type=\"container\">\n\t\t\t\t\t<div class=\"e-con-inner\">\n\t\t\t\t<div class=\"elementor-element elementor-element-51cd5b4 elementor-widget elementor-widget-image\" data-id=\"51cd5b4\" data-element_type=\"widget\" data-widget_type=\"image.default\">\n\t\t\t\t<div class=\"elementor-widget-container\">\n\t\t\t\t\t\t\t\t\t\t\t\t\t\t\t<img decoding=\"async\" width=\"298\" height=\"142\" src=\"https:\/\/cap-e.ca\/wp-content\/uploads\/2025\/03\/quebec-logo.png\" class=\"attachment-large size-large wp-image-2436\" alt=\"quebec-logo\" srcset=\"https:\/\/cap-e.ca\/wp-content\/uploads\/2025\/03\/quebec-logo.png 298w, https:\/\/cap-e.ca\/wp-content\/uploads\/2025\/03\/quebec-logo-18x9.png 18w, https:\/\/cap-e.ca\/wp-content\/uploads\/2025\/03\/quebec-logo-200x95.png 200w\" sizes=\"(max-width: 298px) 100vw, 298px\" \/>\t\t\t\t\t\t\t\t\t\t\t\t\t\t\t<\/div>\n\t\t\t\t<\/div>\n\t\t\t\t<div class=\"elementor-element elementor-element-361c79d elementor-widget elementor-widget-image\" data-id=\"361c79d\" data-element_type=\"widget\" data-widget_type=\"image.default\">\n\t\t\t\t<div class=\"elementor-widget-container\">\n\t\t\t\t\t\t\t\t\t\t\t\t\t\t\t\t<a href=\"https:\/\/www.cnq.org\/\" target=\"_blank\">\n\t\t\t\t\t\t\t<img decoding=\"async\" width=\"640\" height=\"193\" src=\"https:\/\/cap-e.ca\/wp-content\/uploads\/2025\/03\/notoriale-logo.png\" class=\"attachment-large size-large wp-image-2439\" alt=\"notoriale-logo\" srcset=\"https:\/\/cap-e.ca\/wp-content\/uploads\/2025\/03\/notoriale-logo.png 640w, https:\/\/cap-e.ca\/wp-content\/uploads\/2025\/03\/notoriale-logo-300x90.png 300w, https:\/\/cap-e.ca\/wp-content\/uploads\/2025\/03\/notoriale-logo-18x5.png 18w, https:\/\/cap-e.ca\/wp-content\/uploads\/2025\/03\/notoriale-logo-200x60.png 200w\" sizes=\"(max-width: 640px) 100vw, 640px\" \/>\t\t\t\t\t\t\t\t<\/a>\n\t\t\t\t\t\t\t\t\t\t\t\t\t\t\t<\/div>\n\t\t\t\t<\/div>\n\t\t\t\t<div class=\"elementor-element elementor-element-f761f88 elementor-widget elementor-widget-image\" data-id=\"f761f88\" data-element_type=\"widget\" data-widget_type=\"image.default\">\n\t\t\t\t<div class=\"elementor-widget-container\">\n\t\t\t\t\t\t\t\t\t\t\t\t\t\t\t\t<a href=\"https:\/\/soquij.qc.ca\/a\/fr\" target=\"_blank\">\n\t\t\t\t\t\t\t<img loading=\"lazy\" decoding=\"async\" width=\"1024\" height=\"994\" src=\"https:\/\/cap-e.ca\/wp-content\/uploads\/2025\/03\/soquij_logo_renv_couleur_vertical_rgb-1024x994.png\" class=\"attachment-large size-large wp-image-12026\" alt=\"soquij_logo_renv_couleur_vertical_rgb\" srcset=\"https:\/\/cap-e.ca\/wp-content\/uploads\/2025\/03\/soquij_logo_renv_couleur_vertical_rgb-1024x994.png 1024w, https:\/\/cap-e.ca\/wp-content\/uploads\/2025\/03\/soquij_logo_renv_couleur_vertical_rgb-300x291.png 300w, https:\/\/cap-e.ca\/wp-content\/uploads\/2025\/03\/soquij_logo_renv_couleur_vertical_rgb-768x746.png 768w, https:\/\/cap-e.ca\/wp-content\/uploads\/2025\/03\/soquij_logo_renv_couleur_vertical_rgb-1536x1491.png 1536w, https:\/\/cap-e.ca\/wp-content\/uploads\/2025\/03\/soquij_logo_renv_couleur_vertical_rgb-12x12.png 12w, https:\/\/cap-e.ca\/wp-content\/uploads\/2025\/03\/soquij_logo_renv_couleur_vertical_rgb-200x194.png 200w, https:\/\/cap-e.ca\/wp-content\/uploads\/2025\/03\/soquij_logo_renv_couleur_vertical_rgb-1568x1522.png 1568w, https:\/\/cap-e.ca\/wp-content\/uploads\/2025\/03\/soquij_logo_renv_couleur_vertical_rgb.png 1854w\" sizes=\"(max-width: 1024px) 100vw, 1024px\" \/>\t\t\t\t\t\t\t\t<\/a>\n\t\t\t\t\t\t\t\t\t\t\t\t\t\t\t<\/div>\n\t\t\t\t<\/div>\n\t\t\t\t<div class=\"elementor-element elementor-element-6f02b2d elementor-widget elementor-widget-image\" data-id=\"6f02b2d\" data-element_type=\"widget\" data-widget_type=\"image.default\">\n\t\t\t\t<div class=\"elementor-widget-container\">\n\t\t\t\t\t\t\t\t\t\t\t\t\t\t\t\t<a href=\"https:\/\/www.barreau.qc.ca\/fr\/\" target=\"_blank\">\n\t\t\t\t\t\t\t<img loading=\"lazy\" decoding=\"async\" width=\"1242\" height=\"383\" src=\"https:\/\/cap-e.ca\/wp-content\/uploads\/2025\/04\/logo-barreau-du-QC.png\" class=\"attachment-full size-full wp-image-9160\" alt=\"logo barreau du QC\" srcset=\"https:\/\/cap-e.ca\/wp-content\/uploads\/2025\/04\/logo-barreau-du-QC.png 1242w, https:\/\/cap-e.ca\/wp-content\/uploads\/2025\/04\/logo-barreau-du-QC-300x93.png 300w, https:\/\/cap-e.ca\/wp-content\/uploads\/2025\/04\/logo-barreau-du-QC-1024x316.png 1024w, https:\/\/cap-e.ca\/wp-content\/uploads\/2025\/04\/logo-barreau-du-QC-768x237.png 768w, https:\/\/cap-e.ca\/wp-content\/uploads\/2025\/04\/logo-barreau-du-QC-18x6.png 18w, https:\/\/cap-e.ca\/wp-content\/uploads\/2025\/04\/logo-barreau-du-QC-200x62.png 200w\" sizes=\"(max-width: 1242px) 100vw, 1242px\" \/>\t\t\t\t\t\t\t\t<\/a>\n\t\t\t\t\t\t\t\t\t\t\t\t\t\t\t<\/div>\n\t\t\t\t<\/div>\n\t\t\t\t\t<\/div>\n\t\t\t\t<\/div>\n\t\t\t\t\t<\/div>\n\t\t\t\t<\/div>\n\t\t<div class=\"elementor-element elementor-element-831daaa elementor-hidden-desktop elementor-hidden-laptop elementor-hidden-tablet_extra elementor-hidden-tablet elementor-hidden-mobile_extra elementor-hidden-mobile e-flex e-con-boxed e-con e-parent\" data-id=\"831daaa\" data-element_type=\"container\">\n\t\t\t\t\t<div class=\"e-con-inner\">\n\t\t\t\t<div class=\"elementor-element elementor-element-d50c8e9 elementor-widget elementor-widget-spacer\" data-id=\"d50c8e9\" data-element_type=\"widget\" data-widget_type=\"spacer.default\">\n\t\t\t\t<div class=\"elementor-widget-container\">\n\t\t\t\t\t\t\t<div class=\"elementor-spacer\">\n\t\t\t<div class=\"elementor-spacer-inner\"><\/div>\n\t\t<\/div>\n\t\t\t\t\t\t<\/div>\n\t\t\t\t<\/div>\n\t\t\t\t\t<\/div>\n\t\t\t\t<\/div>\n\t\t<div class=\"elementor-element elementor-element-9ff815d e-grid container elementor-hidden-desktop elementor-hidden-laptop elementor-hidden-tablet_extra elementor-hidden-tablet elementor-hidden-mobile_extra elementor-hidden-mobile e-con-boxed e-con e-parent\" data-id=\"9ff815d\" data-element_type=\"container\">\n\t\t\t\t\t<div class=\"e-con-inner\">\n\t\t\t\t<div class=\"elementor-element elementor-element-d1f82b7 elementor-widget elementor-widget-text-editor\" data-id=\"d1f82b7\" data-element_type=\"widget\" data-widget_type=\"text-editor.default\">\n\t\t\t\t<div class=\"elementor-widget-container\">\n\t\t\t\t\t\t\t\t\t<p><a href=\"https:\/\/cap-e.ca\/en\/cap-e\/association\/\">Association<\/a><\/p>\t\t\t\t\t\t\t\t<\/div>\n\t\t\t\t<\/div>\n\t\t\t\t<div class=\"elementor-element elementor-element-dbc6f72 elementor-view-default elementor-widget elementor-widget-icon\" data-id=\"dbc6f72\" data-element_type=\"widget\" data-widget_type=\"icon.default\">\n\t\t\t\t<div class=\"elementor-widget-container\">\n\t\t\t\t\t\t\t<div class=\"elementor-icon-wrapper\">\n\t\t\t<div class=\"elementor-icon\">\n\t\t\t<i aria-hidden=\"true\" class=\"line-icon-Arrow-Back3\"><\/i>\t\t\t<\/div>\n\t\t<\/div>\n\t\t\t\t\t\t<\/div>\n\t\t\t\t<\/div>\n\t\t\t\t<div class=\"elementor-element elementor-element-f12e57f elementor-widget elementor-widget-text-editor\" data-id=\"f12e57f\" data-element_type=\"widget\" data-widget_type=\"text-editor.default\">\n\t\t\t\t<div class=\"elementor-widget-container\">\n\t\t\t\t\t\t\t\t\t<p class=\"p1\">Partenaires<\/p>\t\t\t\t\t\t\t\t<\/div>\n\t\t\t\t<\/div>\n\t\t\t\t<div class=\"elementor-element elementor-element-3058fa3 elementor-view-default elementor-widget elementor-widget-icon\" data-id=\"3058fa3\" data-element_type=\"widget\" data-widget_type=\"icon.default\">\n\t\t\t\t<div class=\"elementor-widget-container\">\n\t\t\t\t\t\t\t<div class=\"elementor-icon-wrapper\">\n\t\t\t<div class=\"elementor-icon\">\n\t\t\t<i aria-hidden=\"true\" class=\"line-icon-Arrow-Forward2\"><\/i>\t\t\t<\/div>\n\t\t<\/div>\n\t\t\t\t\t\t<\/div>\n\t\t\t\t<\/div>\n\t\t\t\t<div class=\"elementor-element elementor-element-cbd34e1 elementor-widget elementor-widget-text-editor\" data-id=\"cbd34e1\" data-element_type=\"widget\" data-widget_type=\"text-editor.default\">\n\t\t\t\t<div class=\"elementor-widget-container\">\n\t\t\t\t\t\t\t\t\t<p><a href=\"https:\/\/cap-e.ca\/en\/contribuer\/\">Contribuer<\/a><\/p>\t\t\t\t\t\t\t\t<\/div>\n\t\t\t\t<\/div>\n\t\t\t\t\t<\/div>\n\t\t\t\t<\/div>\n\t\t<div class=\"elementor-element elementor-element-719657e elementor-hidden-desktop elementor-hidden-laptop elementor-hidden-tablet_extra elementor-hidden-tablet elementor-hidden-mobile_extra elementor-hidden-mobile e-flex e-con-boxed e-con e-parent\" data-id=\"719657e\" data-element_type=\"container\">\n\t\t\t\t\t<div class=\"e-con-inner\">\n\t\t\t\t<div class=\"elementor-element elementor-element-ef98680 elementor-widget elementor-widget-spacer\" data-id=\"ef98680\" data-element_type=\"widget\" data-widget_type=\"spacer.default\">\n\t\t\t\t<div class=\"elementor-widget-container\">\n\t\t\t\t\t\t\t<div class=\"elementor-spacer\">\n\t\t\t<div class=\"elementor-spacer-inner\"><\/div>\n\t\t<\/div>\n\t\t\t\t\t\t<\/div>\n\t\t\t\t<\/div>\n\t\t\t\t\t<\/div>\n\t\t\t\t<\/div>\n\t\t\t\t<\/div>","protected":false},"excerpt":{"rendered":"<p>Merci du fond du c\u0153ur\u2009! \u00c0 vous, chers donateurs Gr\u00e2ce \u00e0 vous, nous avons une voix. Gr\u00e2ce \u00e0 vous, nous retrouvons l\u2019espoir. Gr\u00e2ce \u00e0 vous, la mission du CAP-E r\u00e9sonne plus fort,ouvrant la voie \u00e0 des solutions concr\u00e8tes pour prot\u00e9ger notre bien-\u00eatre et notre int\u00e9grit\u00e9. Chaque don, chaque geste de soutien, fait une diff\u00e9rence immense [&hellip;]<\/p>","protected":false},"author":5,"featured_media":0,"parent":661,"menu_order":0,"comment_status":"closed","ping_status":"closed","template":"","meta":{"footnotes":""},"class_list":["post-679","page","type-page","status-publish","hentry"],"yoast_head":"<!-- This site is optimized with the Yoast SEO plugin v24.9 - https:\/\/yoast.com\/wordpress\/plugins\/seo\/ -->\n<title>Partenaires - CAP-E<\/title>\n<meta name=\"robots\" content=\"index, follow, max-snippet:-1, max-image-preview:large, max-video-preview:-1\" \/>\n<link rel=\"canonical\" href=\"https:\/\/cap-e.ca\/en\/cap-e\/partenaires\/\" \/>\n<meta property=\"og:locale\" content=\"en_US\" \/>\n<meta property=\"og:type\" content=\"article\" \/>\n<meta property=\"og:title\" content=\"Partenaires - CAP-E\" \/>\n<meta property=\"og:description\" content=\"Merci du fond du c\u0153ur\u2009! \u00c0 vous, chers donateurs Gr\u00e2ce \u00e0 vous, nous avons une voix. Gr\u00e2ce \u00e0 vous, nous retrouvons l\u2019espoir. Gr\u00e2ce \u00e0 vous, la mission du CAP-E r\u00e9sonne plus fort,ouvrant la voie \u00e0 des solutions concr\u00e8tes pour prot\u00e9ger notre bien-\u00eatre et notre int\u00e9grit\u00e9. Chaque don, chaque geste de soutien, fait une diff\u00e9rence immense [&hellip;]\" \/>\n<meta property=\"og:url\" content=\"https:\/\/cap-e.ca\/en\/cap-e\/partenaires\/\" \/>\n<meta property=\"og:site_name\" content=\"CAP-E\" \/>\n<meta property=\"article:publisher\" content=\"https:\/\/www.facebook.com\/cape.parent.enfant\/\" \/>\n<meta property=\"article:modified_time\" content=\"2025-09-10T23:17:31+00:00\" \/>\n<meta property=\"og:image\" content=\"https:\/\/cap-e.ca\/wp-content\/uploads\/2025\/04\/Merci_ado-1-683x1024.png?wsr\" \/>\n<meta name=\"twitter:card\" content=\"summary_large_image\" \/>\n<meta name=\"twitter:label1\" content=\"Est. reading time\" \/>\n\t<meta name=\"twitter:data1\" content=\"2 minutes\" \/>\n<script type=\"application\/ld+json\" class=\"yoast-schema-graph\">{\"@context\":\"https:\/\/schema.org\",\"@graph\":[{\"@type\":\"WebPage\",\"@id\":\"https:\/\/cap-e.ca\/cap-e\/partenaires\/\",\"url\":\"https:\/\/cap-e.ca\/cap-e\/partenaires\/\",\"name\":\"Partenaires - CAP-E\",\"isPartOf\":{\"@id\":\"https:\/\/cap-e.ca\/#website\"},\"primaryImageOfPage\":{\"@id\":\"https:\/\/cap-e.ca\/cap-e\/partenaires\/#primaryimage\"},\"image\":{\"@id\":\"https:\/\/cap-e.ca\/cap-e\/partenaires\/#primaryimage\"},\"thumbnailUrl\":\"https:\/\/cap-e.ca\/wp-content\/uploads\/2025\/04\/Merci_ado-1-683x1024.png?wsr\",\"datePublished\":\"2025-03-05T21:59:19+00:00\",\"dateModified\":\"2025-09-10T23:17:31+00:00\",\"breadcrumb\":{\"@id\":\"https:\/\/cap-e.ca\/cap-e\/partenaires\/#breadcrumb\"},\"inLanguage\":\"en-US\",\"potentialAction\":[{\"@type\":\"ReadAction\",\"target\":[\"https:\/\/cap-e.ca\/cap-e\/partenaires\/\"]}]},{\"@type\":\"ImageObject\",\"inLanguage\":\"en-US\",\"@id\":\"https:\/\/cap-e.ca\/cap-e\/partenaires\/#primaryimage\",\"url\":\"https:\/\/cap-e.ca\/wp-content\/uploads\/2025\/04\/Merci_ado-1-683x1024.png?wsr\",\"contentUrl\":\"https:\/\/cap-e.ca\/wp-content\/uploads\/2025\/04\/Merci_ado-1-683x1024.png?wsr\"},{\"@type\":\"BreadcrumbList\",\"@id\":\"https:\/\/cap-e.ca\/cap-e\/partenaires\/#breadcrumb\",\"itemListElement\":[{\"@type\":\"ListItem\",\"position\":1,\"name\":\"Home\",\"item\":\"https:\/\/cap-e.ca\/\"},{\"@type\":\"ListItem\",\"position\":2,\"name\":\"CAP-E\",\"item\":\"https:\/\/cap-e.ca\/cap-e\/\"},{\"@type\":\"ListItem\",\"position\":3,\"name\":\"Partenaires\"}]},{\"@type\":\"WebSite\",\"@id\":\"https:\/\/cap-e.ca\/#website\",\"url\":\"https:\/\/cap-e.ca\/\",\"name\":\"CAP-E\",\"description\":\"\",\"potentialAction\":[{\"@type\":\"SearchAction\",\"target\":{\"@type\":\"EntryPoint\",\"urlTemplate\":\"https:\/\/cap-e.ca\/?s={search_term_string}\"},\"query-input\":{\"@type\":\"PropertyValueSpecification\",\"valueRequired\":true,\"valueName\":\"search_term_string\"}}],\"inLanguage\":\"en-US\"}]}<\/script>\n<!-- \/ Yoast SEO plugin. -->","yoast_head_json":{"title":"Partenaires - CAP-E","robots":{"index":"index","follow":"follow","max-snippet":"max-snippet:-1","max-image-preview":"max-image-preview:large","max-video-preview":"max-video-preview:-1"},"canonical":"https:\/\/cap-e.ca\/en\/cap-e\/partenaires\/","og_locale":"en_US","og_type":"article","og_title":"Partenaires - CAP-E","og_description":"Merci du fond du c\u0153ur\u2009! \u00c0 vous, chers donateurs Gr\u00e2ce \u00e0 vous, nous avons une voix. Gr\u00e2ce \u00e0 vous, nous retrouvons l\u2019espoir. Gr\u00e2ce \u00e0 vous, la mission du CAP-E r\u00e9sonne plus fort,ouvrant la voie \u00e0 des solutions concr\u00e8tes pour prot\u00e9ger notre bien-\u00eatre et notre int\u00e9grit\u00e9. Chaque don, chaque geste de soutien, fait une diff\u00e9rence immense [&hellip;]","og_url":"https:\/\/cap-e.ca\/en\/cap-e\/partenaires\/","og_site_name":"CAP-E","article_publisher":"https:\/\/www.facebook.com\/cape.parent.enfant\/","article_modified_time":"2025-09-10T23:17:31+00:00","og_image":[{"url":"https:\/\/cap-e.ca\/wp-content\/uploads\/2025\/04\/Merci_ado-1-683x1024.png?wsr","type":"","width":"","height":""}],"twitter_card":"summary_large_image","twitter_misc":{"Est. reading time":"2 minutes"},"schema":{"@context":"https:\/\/schema.org","@graph":[{"@type":"WebPage","@id":"https:\/\/cap-e.ca\/cap-e\/partenaires\/","url":"https:\/\/cap-e.ca\/cap-e\/partenaires\/","name":"Partenaires - CAP-E","isPartOf":{"@id":"https:\/\/cap-e.ca\/#website"},"primaryImageOfPage":{"@id":"https:\/\/cap-e.ca\/cap-e\/partenaires\/#primaryimage"},"image":{"@id":"https:\/\/cap-e.ca\/cap-e\/partenaires\/#primaryimage"},"thumbnailUrl":"https:\/\/cap-e.ca\/wp-content\/uploads\/2025\/04\/Merci_ado-1-683x1024.png?wsr","datePublished":"2025-03-05T21:59:19+00:00","dateModified":"2025-09-10T23:17:31+00:00","breadcrumb":{"@id":"https:\/\/cap-e.ca\/cap-e\/partenaires\/#breadcrumb"},"inLanguage":"en-US","potentialAction":[{"@type":"ReadAction","target":["https:\/\/cap-e.ca\/cap-e\/partenaires\/"]}]},{"@type":"ImageObject","inLanguage":"en-US","@id":"https:\/\/cap-e.ca\/cap-e\/partenaires\/#primaryimage","url":"https:\/\/cap-e.ca\/wp-content\/uploads\/2025\/04\/Merci_ado-1-683x1024.png?wsr","contentUrl":"https:\/\/cap-e.ca\/wp-content\/uploads\/2025\/04\/Merci_ado-1-683x1024.png?wsr"},{"@type":"BreadcrumbList","@id":"https:\/\/cap-e.ca\/cap-e\/partenaires\/#breadcrumb","itemListElement":[{"@type":"ListItem","position":1,"name":"Home","item":"https:\/\/cap-e.ca\/"},{"@type":"ListItem","position":2,"name":"CAP-E","item":"https:\/\/cap-e.ca\/cap-e\/"},{"@type":"ListItem","position":3,"name":"Partenaires"}]},{"@type":"WebSite","@id":"https:\/\/cap-e.ca\/#website","url":"https:\/\/cap-e.ca\/","name":"CAP-E","description":"","potentialAction":[{"@type":"SearchAction","target":{"@type":"EntryPoint","urlTemplate":"https:\/\/cap-e.ca\/?s={search_term_string}"},"query-input":{"@type":"PropertyValueSpecification","valueRequired":true,"valueName":"search_term_string"}}],"inLanguage":"en-US"}]}},"_links":{"self":[{"href":"https:\/\/cap-e.ca\/en\/wp-json\/wp\/v2\/pages\/679","targetHints":{"allow":["GET"]}}],"collection":[{"href":"https:\/\/cap-e.ca\/en\/wp-json\/wp\/v2\/pages"}],"about":[{"href":"https:\/\/cap-e.ca\/en\/wp-json\/wp\/v2\/types\/page"}],"author":[{"embeddable":true,"href":"https:\/\/cap-e.ca\/en\/wp-json\/wp\/v2\/users\/5"}],"replies":[{"embeddable":true,"href":"https:\/\/cap-e.ca\/en\/wp-json\/wp\/v2\/comments?post=679"}],"version-history":[{"count":221,"href":"https:\/\/cap-e.ca\/en\/wp-json\/wp\/v2\/pages\/679\/revisions"}],"predecessor-version":[{"id":12032,"href":"https:\/\/cap-e.ca\/en\/wp-json\/wp\/v2\/pages\/679\/revisions\/12032"}],"up":[{"embeddable":true,"href":"https:\/\/cap-e.ca\/en\/wp-json\/wp\/v2\/pages\/661"}],"wp:attachment":[{"href":"https:\/\/cap-e.ca\/en\/wp-json\/wp\/v2\/media?parent=679"}],"curies":[{"name":"wp","href":"https:\/\/api.w.org\/{rel}","templated":true}]}}