{"id":671,"date":"2025-03-05T21:54:43","date_gmt":"2025-03-05T21:54:43","guid":{"rendered":"https:\/\/dev.cap-e.ca\/?page_id=671"},"modified":"2025-05-13T21:53:59","modified_gmt":"2025-05-13T21:53:59","slug":"equipe","status":"publish","type":"page","link":"https:\/\/cap-e.ca\/en\/cap-e\/equipe\/","title":{"rendered":"\u00c9quipe"},"content":{"rendered":"<div data-elementor-type=\"wp-page\" data-elementor-id=\"671\" class=\"elementor elementor-671\">\n\t\t\t\t<div class=\"elementor-element elementor-element-222e1233 e-grid container e-con-boxed e-con e-parent\" data-id=\"222e1233\" data-element_type=\"container\">\n\t\t\t\t\t<div class=\"e-con-inner\">\n\t\t\t\t<div class=\"elementor-element elementor-element-725c9a3 elementor-widget elementor-widget-heading\" data-id=\"725c9a3\" data-element_type=\"widget\" data-widget_type=\"heading.default\">\n\t\t\t\t<div class=\"elementor-widget-container\">\n\t\t\t\t\t<h3 class=\"elementor-heading-title elementor-size-default\">D\u00e9di\u00e9e \u00e0 la protection du lien parent-enfant<\/h3>\t\t\t\t<\/div>\n\t\t\t\t<\/div>\n\t\t\t\t<div class=\"elementor-element elementor-element-57cfb108 elementor-widget elementor-widget-text-editor\" data-id=\"57cfb108\" data-element_type=\"widget\" data-widget_type=\"text-editor.default\">\n\t\t\t\t<div class=\"elementor-widget-container\">\n\t\t\t\t\t\t\t\t\t<p><span style=\"font-weight: 400;\">L&rsquo;\u00e9quipe du CAP-E est port\u00e9e par un engagement profond et une grande d\u00e9termination. En pla\u00e7ant l\u2019enfant au c\u0153ur de ses priorit\u00e9s, elle accompagne, informe et soutient les parents et leur entourage, afin qu\u2019ils puissent agir avec plus de confiance. Sa plus grande satisfaction ? Voir des liens se reconstruire et des relations s\u2019\u00e9panouir.<\/span><\/p>\t\t\t\t\t\t\t\t<\/div>\n\t\t\t\t<\/div>\n\t\t\t\t\t<\/div>\n\t\t\t\t<\/div>\n\t\t<div class=\"elementor-element elementor-element-b765ec4 container e-flex e-con-boxed e-con e-parent\" data-id=\"b765ec4\" data-element_type=\"container\">\n\t\t\t\t\t<div class=\"e-con-inner\">\n\t\t\t\t<div class=\"elementor-element elementor-element-24cfcfa elementor-widget elementor-widget-text-editor\" data-id=\"24cfcfa\" data-element_type=\"widget\" data-widget_type=\"text-editor.default\">\n\t\t\t\t<div class=\"elementor-widget-container\">\n\t\t\t\t\t\t\t\t\t<p><img decoding=\"async\" class=\"wp-image-9101 aligncenter\" src=\"https:\/\/cap-e.ca\/wp-content\/uploads\/2025\/04\/CAPE-icone-couleur-300x300.png\" alt=\"\" width=\"82\" height=\"82\" srcset=\"https:\/\/cap-e.ca\/wp-content\/uploads\/2025\/04\/CAPE-icone-couleur-300x300.png 300w, https:\/\/cap-e.ca\/wp-content\/uploads\/2025\/04\/CAPE-icone-couleur-150x150.png 150w, https:\/\/cap-e.ca\/wp-content\/uploads\/2025\/04\/CAPE-icone-couleur-768x768.png 768w, https:\/\/cap-e.ca\/wp-content\/uploads\/2025\/04\/CAPE-icone-couleur-12x12.png 12w, https:\/\/cap-e.ca\/wp-content\/uploads\/2025\/04\/CAPE-icone-couleur-200x200.png 200w, https:\/\/cap-e.ca\/wp-content\/uploads\/2025\/04\/CAPE-icone-couleur.png 947w\" sizes=\"(max-width: 82px) 100vw, 82px\" \/><\/p><h6>Mot de la direction<\/h6><p>Notre \u00e9quipe, c\u2019est un m\u00e9lange riche d\u2019expertises compl\u00e9mentaires et de comp\u00e9tences pointues. Nous avan\u00e7ons en cocr\u00e9ation constante \u2014 entre nous, avec les familles et les milieux communautaires et professionnels. C\u2019est cette intelligence collective qui nourrit notre capacit\u00e9 \u00e0 innover et offrir un soutien adapt\u00e9 dans des contextes complexes. Nous savons que derri\u00e8re chaque famille impliqu\u00e9e se cache une histoire, une douleur, mais aussi une possibilit\u00e9 de r\u00e9conciliation.<\/p><p>Je suis fi\u00e8re de notre \u00e9quipe qui incarne, chaque jour, notre slogan : <strong><em>une r\u00e9ponse humaine \u00e0 l\u2019ali\u00e9nation parentale.<\/em><\/strong><\/p><p><strong>Lyne Normandeau<br \/><\/strong>Directrice g\u00e9n\u00e9rale, Carrefour parent-enfant<\/p>\t\t\t\t\t\t\t\t<\/div>\n\t\t\t\t<\/div>\n\t\t\t\t\t<\/div>\n\t\t\t\t<\/div>\n\t\t<div class=\"elementor-element elementor-element-2699a2c contai e-flex e-con-boxed e-con e-parent\" data-id=\"2699a2c\" data-element_type=\"container\">\n\t\t\t\t\t<div class=\"e-con-inner\">\n\t\t\t\t<div class=\"elementor-element elementor-element-b3e2364 elementor-widget elementor-widget-litho-blockquote\" data-id=\"b3e2364\" data-element_type=\"widget\" data-widget_type=\"litho-blockquote.default\">\n\t\t\t\t<div class=\"elementor-widget-container\">\n\t\t\t\t\t<blockquote class=\"elementor-blockquote\">\n\t\t\t\t\t\t\t\t\t\t\t<svg aria-hidden=\"true\" class=\"e-font-icon-svg e-fas-quote-left\" viewbox=\"0 0 512 512\" xmlns=\"http:\/\/www.w3.org\/2000\/svg\"><path d=\"M464 256h-80v-64c0-35.3 28.7-64 64-64h8c13.3 0 24-10.7 24-24V56c0-13.3-10.7-24-24-24h-8c-88.4 0-160 71.6-160 160v240c0 26.5 21.5 48 48 48h128c26.5 0 48-21.5 48-48V304c0-26.5-21.5-48-48-48zm-288 0H96v-64c0-35.3 28.7-64 64-64h8c13.3 0 24-10.7 24-24V56c0-13.3-10.7-24-24-24h-8C71.6 32 0 103.6 0 192v240c0 26.5 21.5 48 48 48h128c26.5 0 48-21.5 48-48V304c0-26.5-21.5-48-48-48z\"><\/path><\/svg>\t\t\t\t\t\t\t\t\t\t\t\t\t\t\t\t<p>Ne doutez jamais qu\u2019un petit groupe de citoyens s\u00e9rieux et d\u00e9termin\u00e9s puisse changer le monde. C\u2019est d\u2019ailleurs la seule fa\u00e7on d\u2019y arriver.<\/p>\n\t\t\t\t\t\t\t\t\t\t\t\t\t\t\t\t<footer>Margaret Mead<\/footer>\n\t\t\t\t\t\t\t\t\t<\/blockquote>\t\t\t\t<\/div>\n\t\t\t\t<\/div>\n\t\t\t\t\t<\/div>\n\t\t\t\t<\/div>\n\t\t<div class=\"elementor-element elementor-element-1ebd9cb0 e-con-full container e-flex e-con e-parent\" data-id=\"1ebd9cb0\" data-element_type=\"container\" data-settings=\"{&quot;background_background&quot;:&quot;classic&quot;}\">\n\t\t\t\t<div class=\"elementor-element elementor-element-6167409c elementor-widget elementor-widget-spacer\" data-id=\"6167409c\" data-element_type=\"widget\" data-widget_type=\"spacer.default\">\n\t\t\t\t<div class=\"elementor-widget-container\">\n\t\t\t\t\t\t\t<div class=\"elementor-spacer\">\n\t\t\t<div class=\"elementor-spacer-inner\"><\/div>\n\t\t<\/div>\n\t\t\t\t\t\t<\/div>\n\t\t\t\t<\/div>\n\t\t\t\t<\/div>\n\t\t<div class=\"elementor-element elementor-element-74b44fa4 container e-flex e-con-boxed e-con e-parent\" data-id=\"74b44fa4\" data-element_type=\"container\">\n\t\t\t\t\t<div class=\"e-con-inner\">\n\t\t\t\t<div class=\"elementor-element elementor-element-51e63dad container elementor-widget elementor-widget-heading\" data-id=\"51e63dad\" data-element_type=\"widget\" data-widget_type=\"heading.default\">\n\t\t\t\t<div class=\"elementor-widget-container\">\n\t\t\t\t\t<h5 class=\"elementor-heading-title elementor-size-default\">Rejoignez une \u00e9quipe engag\u00e9e\u2009!<\/h5>\t\t\t\t<\/div>\n\t\t\t\t<\/div>\n\t\t\t\t<div class=\"elementor-element elementor-element-cc6a173 elementor-widget elementor-widget-text-editor\" data-id=\"cc6a173\" data-element_type=\"widget\" data-widget_type=\"text-editor.default\">\n\t\t\t\t<div class=\"elementor-widget-container\">\n\t\t\t\t\t\t\t\t\t<p><span style=\"font-weight: 400;\">Le Carrefour parent-enfant est en pleine croissance et cherche des personnes passionn\u00e9es pour enrichir son \u00e9quipe. Si vous souhaitez contribuer \u00e0 une mission porteuse de sens et avoir un impact concret dans la vie des familles, nous voulons vous conna\u00eetre !<\/span><\/p>\t\t\t\t\t\t\t\t<\/div>\n\t\t\t\t<\/div>\n\t\t\t\t\t<\/div>\n\t\t\t\t<\/div>\n\t\t<div class=\"elementor-element elementor-element-26e7e4c container e-flex e-con-boxed e-con e-parent\" data-id=\"26e7e4c\" data-element_type=\"container\">\n\t\t\t\t\t<div class=\"e-con-inner\">\n\t\t<div class=\"elementor-element elementor-element-e7711b6 e-con-full e-flex e-con e-child\" data-id=\"e7711b6\" data-element_type=\"container\" data-settings=\"{&quot;background_background&quot;:&quot;classic&quot;}\">\n\t\t\t\t<div class=\"elementor-element elementor-element-8cdc8f2 elementor-pagination-position-inside elementor-hidden-desktop elementor-hidden-laptop elementor-hidden-tablet_extra elementor-hidden-tablet elementor-hidden-mobile_extra elementor-hidden-mobile elementor-view-default elementor-widget elementor-widget-litho-content-slider\" data-id=\"8cdc8f2\" data-element_type=\"widget\" data-settings=\"{&quot;litho_carousel_slide_styles&quot;:&quot;content-carousel-style-4&quot;}\" data-widget_type=\"litho-content-slider.default\">\n\t\t\t\t<div class=\"elementor-widget-container\">\n\t\t\t\t\t\t\t\t\t<div class=\"content-carousel-wrapper swiper content-carousel-style-4\" data-settings=\"{&quot;navigation&quot;:&quot;dots&quot;,&quot;autoplay&quot;:&quot;yes&quot;,&quot;autoplay_speed&quot;:5000,&quot;pause_on_hover&quot;:&quot;yes&quot;,&quot;loop&quot;:&quot;&quot;,&quot;effect&quot;:&quot;slide&quot;,&quot;speed&quot;:500,&quot;image_spacing&quot;:{&quot;unit&quot;:&quot;px&quot;,&quot;size&quot;:30,&quot;sizes&quot;:[]},&quot;slides_to_show&quot;:&quot;1&quot;,&quot;slides_to_show_mobile&quot;:null,&quot;slides_to_show_tablet&quot;:null,&quot;slide_total&quot;:1,&quot;centered_slides&quot;:&quot;yes&quot;}\" dir=\"ltr\">\n\t\t\t\t\t<div class=\"elementor-content-carousel swiper-wrapper\">\n\t\t\t\t\t\t\t\t\t\t\t\t\t<div class=\"elementor-repeater-item-6587e59 swiper-slide\">\n\t\t\t\t\t\t\t\t<div class=\"cover-background content-image\" style=\"\">\n\t\t\t\t\t\t\t\t\t<div class=\"content-box\">\n\t\t\t\t\t\t\t\t\t\t\t\t\t\t\t\t\t\t\t\t\t\t\t\t\t\t\t\t\t\t\t<div class=\"slide-title\">PUBLIE\u00c9 LE 20 avril 2025<\/div>\n\t\t\t\t\t\t\t\t\t\t\t\t\t\t\t\t\t\t\t\t\t\t\t\t\t\t\t\t\t\t\t<div class=\"slide-subtitle\">Agent\u00b7e des communications<\/div>\n\t\t\t\t\t\t\t\t\t\t\t\t\t\t\t\t\t\t\t\t\t\t\t\t\t\t\t\t\t\t\t<div class=\"slide-description\">Nous recherchons un\u00b7e Agent\u00b7e des communications dynamique et cr\u00e9atif\u00b7ve pour faire rayonner notre mission. Tu seras responsable de la gestion des r\u00e9seaux sociaux, de la r\u00e9daction de contenus engageants, de la coordination des infolettres et des campagnes de sensibilisation. En collaboration avec l\u2019\u00e9quipe, tu assureras la coh\u00e9rence et la diffusion de nos messages afin d\u2019informer, mobiliser et soutenir les familles.<\/div>\n\t\t\t\t\t\t\t\t\t\t\t\t\t\t\t\t\t\t\t\t\t\t\t\t\t\t\t\t\t\t\t<div class=\"elementor-button-wrapper litho-button-wrapper\">\n\t\t\t\t\t\t\t\t\t\t\t\t<a class=\"elementor-button-link elementor-button elementor-size-xl\" href=\"#\" role=\"button\">\n\t\t\t\t\t\t\t\t\t\t\t\t\t<span class=\"elementor-button-content-wrapper\">\n\t\t\t\t\t\t\t\t\t\t\t\t\t\t\t\t\t\t\t\t\t\t\t\t\t\t\t\t<span class=\"elementor-button-text\">T\u00c9L\u00c9CHARGER<\/span>\n\t\t\t\t\t\t\t\t\t\t\t\t\t<\/span>\n\t\t\t\t\t\t\t\t\t\t\t\t<\/a>\n\t\t\t\t\t\t\t\t\t\t\t<\/div>\n\t\t\t\t\t\t\t\t\t\t\t\t\t\t\t\t\t\t\t<\/div>\n\t\t\t\t\t\t\t\t<\/div>\n\t\t\t\t\t\t\t<\/div>\n\t\t\t\t\t\t\t\t\t\t\t<\/div>\n\t\t\t\t\t\t\t\t\t\t\t\t\t\t\t\t\t\t<\/div>\n\t\t\t\t\t\t\t<\/div>\n\t\t\t\t<\/div>\n\t\t\t\t<div class=\"elementor-element elementor-element-216a82e elementor-widget__width-inherit elementor-widget elementor-widget-html\" data-id=\"216a82e\" data-element_type=\"widget\" data-widget_type=\"html.default\">\n\t\t\t\t<div class=\"elementor-widget-container\">\n\t\t\t\t\t<iframe aria-label='Soumettre sa candidature' frameborder=\"0\" style=\"height:2150px;width:100%;border:none;\" src='https:\/\/forms.zohopublic.com\/carrefouralienationparentale\/form\/Soumettresacandidature\/formperma\/seNZbOrVc_o_D4f3xYgL9joz-I8hGZ4G6cmEQPB51OU'><\/iframe>\t\t\t\t<\/div>\n\t\t\t\t<\/div>\n\t\t\t\t<\/div>\n\t\t\t\t\t<\/div>\n\t\t\t\t<\/div>\n\t\t<div class=\"elementor-element elementor-element-9a80916 e-flex e-con-boxed e-con e-parent\" data-id=\"9a80916\" data-element_type=\"container\">\n\t\t\t\t\t<div class=\"e-con-inner\">\n\t\t\t\t<div class=\"elementor-element elementor-element-7e0bdfe elementor-widget elementor-widget-spacer\" data-id=\"7e0bdfe\" data-element_type=\"widget\" data-widget_type=\"spacer.default\">\n\t\t\t\t<div class=\"elementor-widget-container\">\n\t\t\t\t\t\t\t<div class=\"elementor-spacer\">\n\t\t\t<div class=\"elementor-spacer-inner\"><\/div>\n\t\t<\/div>\n\t\t\t\t\t\t<\/div>\n\t\t\t\t<\/div>\n\t\t\t\t\t<\/div>\n\t\t\t\t<\/div>\n\t\t<div class=\"elementor-element elementor-element-3d3f1de e-grid container elementor-hidden-desktop elementor-hidden-laptop elementor-hidden-tablet_extra elementor-hidden-tablet elementor-hidden-mobile_extra elementor-hidden-mobile e-con-boxed e-con e-parent\" data-id=\"3d3f1de\" data-element_type=\"container\">\n\t\t\t\t\t<div class=\"e-con-inner\">\n\t\t\t\t<div class=\"elementor-element elementor-element-c42c66a elementor-widget elementor-widget-text-editor\" data-id=\"c42c66a\" data-element_type=\"widget\" data-widget_type=\"text-editor.default\">\n\t\t\t\t<div class=\"elementor-widget-container\">\n\t\t\t\t\t\t\t\t\t<p><a href=\"https:\/\/cap-e.ca\/en\/cap-e\/administration\/\">Conseil d&rsquo;aministration<\/a><\/p>\t\t\t\t\t\t\t\t<\/div>\n\t\t\t\t<\/div>\n\t\t\t\t<div class=\"elementor-element elementor-element-204f11b elementor-view-default elementor-widget elementor-widget-icon\" data-id=\"204f11b\" data-element_type=\"widget\" data-widget_type=\"icon.default\">\n\t\t\t\t<div class=\"elementor-widget-container\">\n\t\t\t\t\t\t\t<div class=\"elementor-icon-wrapper\">\n\t\t\t<div class=\"elementor-icon\">\n\t\t\t<i aria-hidden=\"true\" class=\"line-icon-Arrow-Back3\"><\/i>\t\t\t<\/div>\n\t\t<\/div>\n\t\t\t\t\t\t<\/div>\n\t\t\t\t<\/div>\n\t\t\t\t<div class=\"elementor-element elementor-element-b3e356a elementor-widget elementor-widget-text-editor\" data-id=\"b3e356a\" data-element_type=\"widget\" data-widget_type=\"text-editor.default\">\n\t\t\t\t<div class=\"elementor-widget-container\">\n\t\t\t\t\t\t\t\t\t<p class=\"p1\">\u00c9quipe<\/p>\t\t\t\t\t\t\t\t<\/div>\n\t\t\t\t<\/div>\n\t\t\t\t<div class=\"elementor-element elementor-element-8717182 elementor-view-default elementor-widget elementor-widget-icon\" data-id=\"8717182\" data-element_type=\"widget\" data-widget_type=\"icon.default\">\n\t\t\t\t<div class=\"elementor-widget-container\">\n\t\t\t\t\t\t\t<div class=\"elementor-icon-wrapper\">\n\t\t\t<div class=\"elementor-icon\">\n\t\t\t<i aria-hidden=\"true\" class=\"line-icon-Arrow-Forward2\"><\/i>\t\t\t<\/div>\n\t\t<\/div>\n\t\t\t\t\t\t<\/div>\n\t\t\t\t<\/div>\n\t\t\t\t<div class=\"elementor-element elementor-element-cdc445f elementor-widget elementor-widget-text-editor\" data-id=\"cdc445f\" data-element_type=\"widget\" data-widget_type=\"text-editor.default\">\n\t\t\t\t<div class=\"elementor-widget-container\">\n\t\t\t\t\t\t\t\t\t<p><a href=\"https:\/\/cap-e.ca\/en\/cap-e\/services\/\">Services<\/a><\/p>\t\t\t\t\t\t\t\t<\/div>\n\t\t\t\t<\/div>\n\t\t\t\t\t<\/div>\n\t\t\t\t<\/div>\n\t\t\t\t<\/div>","protected":false},"excerpt":{"rendered":"<p>D\u00e9di\u00e9e \u00e0 la protection du lien parent-enfant L&rsquo;\u00e9quipe du CAP-E est port\u00e9e par un engagement profond et une grande d\u00e9termination. En pla\u00e7ant l\u2019enfant au c\u0153ur de ses priorit\u00e9s, elle accompagne, informe et soutient les parents et leur entourage, afin qu\u2019ils puissent agir avec plus de confiance. Sa plus grande satisfaction ? Voir des liens se [&hellip;]<\/p>","protected":false},"author":5,"featured_media":0,"parent":661,"menu_order":0,"comment_status":"closed","ping_status":"closed","template":"","meta":{"footnotes":""},"class_list":["post-671","page","type-page","status-publish","hentry"],"yoast_head":"<!-- This site is optimized with the Yoast SEO plugin v24.9 - https:\/\/yoast.com\/wordpress\/plugins\/seo\/ -->\n<title>\u00c9quipe - CAP-E<\/title>\n<meta name=\"robots\" content=\"index, follow, max-snippet:-1, max-image-preview:large, max-video-preview:-1\" \/>\n<link rel=\"canonical\" href=\"https:\/\/cap-e.ca\/en\/cap-e\/equipe\/\" \/>\n<meta property=\"og:locale\" content=\"en_US\" \/>\n<meta property=\"og:type\" content=\"article\" \/>\n<meta property=\"og:title\" content=\"\u00c9quipe - CAP-E\" \/>\n<meta property=\"og:description\" content=\"D\u00e9di\u00e9e \u00e0 la protection du lien parent-enfant L&rsquo;\u00e9quipe du CAP-E est port\u00e9e par un engagement profond et une grande d\u00e9termination. En pla\u00e7ant l\u2019enfant au c\u0153ur de ses priorit\u00e9s, elle accompagne, informe et soutient les parents et leur entourage, afin qu\u2019ils puissent agir avec plus de confiance. Sa plus grande satisfaction ? Voir des liens se [&hellip;]\" \/>\n<meta property=\"og:url\" content=\"https:\/\/cap-e.ca\/en\/cap-e\/equipe\/\" \/>\n<meta property=\"og:site_name\" content=\"CAP-E\" \/>\n<meta property=\"article:publisher\" content=\"https:\/\/www.facebook.com\/cape.parent.enfant\/\" \/>\n<meta property=\"article:modified_time\" content=\"2025-05-13T21:53:59+00:00\" \/>\n<meta property=\"og:image\" content=\"https:\/\/cap-e.ca\/wp-content\/uploads\/2025\/04\/CAPE-icone-couleur.png?wsr\" \/>\n\t<meta property=\"og:image:width\" content=\"947\" \/>\n\t<meta property=\"og:image:height\" content=\"947\" \/>\n\t<meta property=\"og:image:type\" content=\"image\/png\" \/>\n<meta name=\"twitter:card\" content=\"summary_large_image\" \/>\n<meta name=\"twitter:label1\" content=\"Est. reading time\" \/>\n\t<meta name=\"twitter:data1\" content=\"2 minutes\" \/>\n<script type=\"application\/ld+json\" class=\"yoast-schema-graph\">{\"@context\":\"https:\/\/schema.org\",\"@graph\":[{\"@type\":\"WebPage\",\"@id\":\"https:\/\/cap-e.ca\/cap-e\/equipe\/\",\"url\":\"https:\/\/cap-e.ca\/cap-e\/equipe\/\",\"name\":\"\u00c9quipe - CAP-E\",\"isPartOf\":{\"@id\":\"https:\/\/cap-e.ca\/#website\"},\"primaryImageOfPage\":{\"@id\":\"https:\/\/cap-e.ca\/cap-e\/equipe\/#primaryimage\"},\"image\":{\"@id\":\"https:\/\/cap-e.ca\/cap-e\/equipe\/#primaryimage\"},\"thumbnailUrl\":\"https:\/\/cap-e.ca\/wp-content\/uploads\/2025\/04\/CAPE-icone-couleur-300x300.png\",\"datePublished\":\"2025-03-05T21:54:43+00:00\",\"dateModified\":\"2025-05-13T21:53:59+00:00\",\"breadcrumb\":{\"@id\":\"https:\/\/cap-e.ca\/cap-e\/equipe\/#breadcrumb\"},\"inLanguage\":\"en-US\",\"potentialAction\":[{\"@type\":\"ReadAction\",\"target\":[\"https:\/\/cap-e.ca\/cap-e\/equipe\/\"]}]},{\"@type\":\"ImageObject\",\"inLanguage\":\"en-US\",\"@id\":\"https:\/\/cap-e.ca\/cap-e\/equipe\/#primaryimage\",\"url\":\"https:\/\/cap-e.ca\/wp-content\/uploads\/2025\/04\/CAPE-icone-couleur-300x300.png\",\"contentUrl\":\"https:\/\/cap-e.ca\/wp-content\/uploads\/2025\/04\/CAPE-icone-couleur-300x300.png\"},{\"@type\":\"BreadcrumbList\",\"@id\":\"https:\/\/cap-e.ca\/cap-e\/equipe\/#breadcrumb\",\"itemListElement\":[{\"@type\":\"ListItem\",\"position\":1,\"name\":\"Home\",\"item\":\"https:\/\/cap-e.ca\/\"},{\"@type\":\"ListItem\",\"position\":2,\"name\":\"CAP-E\",\"item\":\"https:\/\/cap-e.ca\/cap-e\/\"},{\"@type\":\"ListItem\",\"position\":3,\"name\":\"\u00c9quipe\"}]},{\"@type\":\"WebSite\",\"@id\":\"https:\/\/cap-e.ca\/#website\",\"url\":\"https:\/\/cap-e.ca\/\",\"name\":\"CAP-E\",\"description\":\"\",\"potentialAction\":[{\"@type\":\"SearchAction\",\"target\":{\"@type\":\"EntryPoint\",\"urlTemplate\":\"https:\/\/cap-e.ca\/?s={search_term_string}\"},\"query-input\":{\"@type\":\"PropertyValueSpecification\",\"valueRequired\":true,\"valueName\":\"search_term_string\"}}],\"inLanguage\":\"en-US\"}]}<\/script>\n<!-- \/ Yoast SEO plugin. -->","yoast_head_json":{"title":"\u00c9quipe - CAP-E","robots":{"index":"index","follow":"follow","max-snippet":"max-snippet:-1","max-image-preview":"max-image-preview:large","max-video-preview":"max-video-preview:-1"},"canonical":"https:\/\/cap-e.ca\/en\/cap-e\/equipe\/","og_locale":"en_US","og_type":"article","og_title":"\u00c9quipe - CAP-E","og_description":"D\u00e9di\u00e9e \u00e0 la protection du lien parent-enfant L&rsquo;\u00e9quipe du CAP-E est port\u00e9e par un engagement profond et une grande d\u00e9termination. En pla\u00e7ant l\u2019enfant au c\u0153ur de ses priorit\u00e9s, elle accompagne, informe et soutient les parents et leur entourage, afin qu\u2019ils puissent agir avec plus de confiance. Sa plus grande satisfaction ? Voir des liens se [&hellip;]","og_url":"https:\/\/cap-e.ca\/en\/cap-e\/equipe\/","og_site_name":"CAP-E","article_publisher":"https:\/\/www.facebook.com\/cape.parent.enfant\/","article_modified_time":"2025-05-13T21:53:59+00:00","og_image":[{"width":947,"height":947,"url":"https:\/\/cap-e.ca\/wp-content\/uploads\/2025\/04\/CAPE-icone-couleur.png?wsr","type":"image\/png"}],"twitter_card":"summary_large_image","twitter_misc":{"Est. reading time":"2 minutes"},"schema":{"@context":"https:\/\/schema.org","@graph":[{"@type":"WebPage","@id":"https:\/\/cap-e.ca\/cap-e\/equipe\/","url":"https:\/\/cap-e.ca\/cap-e\/equipe\/","name":"\u00c9quipe - CAP-E","isPartOf":{"@id":"https:\/\/cap-e.ca\/#website"},"primaryImageOfPage":{"@id":"https:\/\/cap-e.ca\/cap-e\/equipe\/#primaryimage"},"image":{"@id":"https:\/\/cap-e.ca\/cap-e\/equipe\/#primaryimage"},"thumbnailUrl":"https:\/\/cap-e.ca\/wp-content\/uploads\/2025\/04\/CAPE-icone-couleur-300x300.png","datePublished":"2025-03-05T21:54:43+00:00","dateModified":"2025-05-13T21:53:59+00:00","breadcrumb":{"@id":"https:\/\/cap-e.ca\/cap-e\/equipe\/#breadcrumb"},"inLanguage":"en-US","potentialAction":[{"@type":"ReadAction","target":["https:\/\/cap-e.ca\/cap-e\/equipe\/"]}]},{"@type":"ImageObject","inLanguage":"en-US","@id":"https:\/\/cap-e.ca\/cap-e\/equipe\/#primaryimage","url":"https:\/\/cap-e.ca\/wp-content\/uploads\/2025\/04\/CAPE-icone-couleur-300x300.png","contentUrl":"https:\/\/cap-e.ca\/wp-content\/uploads\/2025\/04\/CAPE-icone-couleur-300x300.png"},{"@type":"BreadcrumbList","@id":"https:\/\/cap-e.ca\/cap-e\/equipe\/#breadcrumb","itemListElement":[{"@type":"ListItem","position":1,"name":"Home","item":"https:\/\/cap-e.ca\/"},{"@type":"ListItem","position":2,"name":"CAP-E","item":"https:\/\/cap-e.ca\/cap-e\/"},{"@type":"ListItem","position":3,"name":"\u00c9quipe"}]},{"@type":"WebSite","@id":"https:\/\/cap-e.ca\/#website","url":"https:\/\/cap-e.ca\/","name":"CAP-E","description":"","potentialAction":[{"@type":"SearchAction","target":{"@type":"EntryPoint","urlTemplate":"https:\/\/cap-e.ca\/?s={search_term_string}"},"query-input":{"@type":"PropertyValueSpecification","valueRequired":true,"valueName":"search_term_string"}}],"inLanguage":"en-US"}]}},"_links":{"self":[{"href":"https:\/\/cap-e.ca\/en\/wp-json\/wp\/v2\/pages\/671","targetHints":{"allow":["GET"]}}],"collection":[{"href":"https:\/\/cap-e.ca\/en\/wp-json\/wp\/v2\/pages"}],"about":[{"href":"https:\/\/cap-e.ca\/en\/wp-json\/wp\/v2\/types\/page"}],"author":[{"embeddable":true,"href":"https:\/\/cap-e.ca\/en\/wp-json\/wp\/v2\/users\/5"}],"replies":[{"embeddable":true,"href":"https:\/\/cap-e.ca\/en\/wp-json\/wp\/v2\/comments?post=671"}],"version-history":[{"count":231,"href":"https:\/\/cap-e.ca\/en\/wp-json\/wp\/v2\/pages\/671\/revisions"}],"predecessor-version":[{"id":11963,"href":"https:\/\/cap-e.ca\/en\/wp-json\/wp\/v2\/pages\/671\/revisions\/11963"}],"up":[{"embeddable":true,"href":"https:\/\/cap-e.ca\/en\/wp-json\/wp\/v2\/pages\/661"}],"wp:attachment":[{"href":"https:\/\/cap-e.ca\/en\/wp-json\/wp\/v2\/media?parent=671"}],"curies":[{"name":"wp","href":"https:\/\/api.w.org\/{rel}","templated":true}]}}