{"id":613,"date":"2025-03-05T00:04:39","date_gmt":"2025-03-05T00:04:39","guid":{"rendered":"https:\/\/dev.cap-e.ca\/?page_id=613"},"modified":"2025-04-28T21:45:44","modified_gmt":"2025-04-28T21:45:44","slug":"devenir-membre","status":"publish","type":"page","link":"https:\/\/cap-e.ca\/en\/devenir-membre\/","title":{"rendered":"Devenir membre"},"content":{"rendered":"<div data-elementor-type=\"wp-page\" data-elementor-id=\"613\" class=\"elementor elementor-613\">\n\t\t\t\t<div class=\"elementor-element elementor-element-189da75 e-flex e-con-boxed e-con e-parent\" data-id=\"189da75\" data-element_type=\"container\">\n\t\t\t\t\t<div class=\"e-con-inner\">\n\t\t\t\t<div class=\"elementor-element elementor-element-7173e74 elementor-widget elementor-widget-spacer\" data-id=\"7173e74\" data-element_type=\"widget\" data-widget_type=\"spacer.default\">\n\t\t\t\t<div class=\"elementor-widget-container\">\n\t\t\t\t\t\t\t<div class=\"elementor-spacer\">\n\t\t\t<div class=\"elementor-spacer-inner\"><\/div>\n\t\t<\/div>\n\t\t\t\t\t\t<\/div>\n\t\t\t\t<\/div>\n\t\t\t\t\t<\/div>\n\t\t\t\t<\/div>\n\t\t<div class=\"elementor-element elementor-element-15dd4d7 container e-flex e-con-boxed e-con e-parent\" data-id=\"15dd4d7\" data-element_type=\"container\">\n\t\t\t\t\t<div class=\"e-con-inner\">\n\t\t\t\t<div class=\"elementor-element elementor-element-5fbddb6 elementor-widget elementor-widget-text-editor\" data-id=\"5fbddb6\" data-element_type=\"widget\" data-widget_type=\"text-editor.default\">\n\t\t\t\t<div class=\"elementor-widget-container\">\n\t\t\t\t\t\t\t\t\t<h4><strong>Unissons nos voix pour prot\u00e9ger le lien parent-enfant<\/strong><\/h4><p><strong><br \/><\/strong>Adh\u00e9rer au Carrefour parent-enfant, c&rsquo;est unir sa voix pour permettre aux enfants et aux parents de familles s\u00e9par\u00e9es de pr\u00e9server ou de r\u00e9tablir leurs liens relationnels essentiels \u00e0 leur sant\u00e9 psychologique et affective.\u00a0<\/p><p>Que vous ayez besoin ou non de nos services, <strong>d\u00e9montrez votre engagement en devenant membre du CAP-E.<\/strong><\/p>\t\t\t\t\t\t\t\t<\/div>\n\t\t\t\t<\/div>\n\t\t\t\t\t<\/div>\n\t\t\t\t<\/div>\n\t\t<div class=\"elementor-element elementor-element-1cab7d3e e-con-full e-flex e-con e-parent\" data-id=\"1cab7d3e\" data-element_type=\"container\" data-settings=\"{&quot;background_background&quot;:&quot;classic&quot;}\">\n\t\t\t\t<div class=\"elementor-element elementor-element-4272b2fc elementor-widget elementor-widget-spacer\" data-id=\"4272b2fc\" data-element_type=\"widget\" data-widget_type=\"spacer.default\">\n\t\t\t\t<div class=\"elementor-widget-container\">\n\t\t\t\t\t\t\t<div class=\"elementor-spacer\">\n\t\t\t<div class=\"elementor-spacer-inner\"><\/div>\n\t\t<\/div>\n\t\t\t\t\t\t<\/div>\n\t\t\t\t<\/div>\n\t\t\t\t<div class=\"elementor-element elementor-element-254a8de elementor-widget__width-initial elementor-widget elementor-widget-heading\" data-id=\"254a8de\" data-element_type=\"widget\" data-widget_type=\"heading.default\">\n\t\t\t\t<div class=\"elementor-widget-container\">\n\t\t\t\t\t<h1 class=\"elementor-heading-title elementor-size-default\">Je deviens membre<\/h1>\t\t\t\t<\/div>\n\t\t\t\t<\/div>\n\t\t<div class=\"elementor-element elementor-element-198d0b69 e-con-full e-flex e-con e-child\" data-id=\"198d0b69\" data-element_type=\"container\">\n\t\t\t\t<div class=\"elementor-element elementor-element-6d4c8c81 elementor-widget elementor-widget-litho-button\" data-id=\"6d4c8c81\" data-element_type=\"widget\" data-widget_type=\"litho-button.default\">\n\t\t\t\t<div class=\"elementor-widget-container\">\n\t\t\t\t\t\t\t\t\t<div class=\"elementor-button-wrapper litho-button-wrapper\">\n\t\t\t\t\t<a class=\"elementor-button-link elementor-button elementor-size-xl\" href=\"https:\/\/www.zeffy.com\/ticketing\/879d5725-8155-44eb-a984-0719c951d961\" role=\"button\">\n\t\t\t\t\t\t\t\t\t<span class=\"elementor-button-content-wrapper\">\n\t\t\t\t\t\t\t\t\t\t\t\t\t<span class=\"elementor-button-text\">ADH\u00c9RER<\/span>\n\t\t\t\t\t\t\t<\/span>\n\t\t\t\t\t\t\t\t\t<span class=\"screen-reader-text\">Button<\/span>\n\t\t\t\t\t<\/a>\n\t\t\t\t<\/div>\n\t\t\t\t\t\t\t<\/div>\n\t\t\t\t<\/div>\n\t\t\t\t<\/div>\n\t\t\t\t<div class=\"elementor-element elementor-element-21f82bbe elementor-widget elementor-widget-spacer\" data-id=\"21f82bbe\" data-element_type=\"widget\" data-widget_type=\"spacer.default\">\n\t\t\t\t<div class=\"elementor-widget-container\">\n\t\t\t\t\t\t\t<div class=\"elementor-spacer\">\n\t\t\t<div class=\"elementor-spacer-inner\"><\/div>\n\t\t<\/div>\n\t\t\t\t\t\t<\/div>\n\t\t\t\t<\/div>\n\t\t\t\t<\/div>\n\t\t\t\t<\/div>","protected":false},"excerpt":{"rendered":"<p>Unissons nos voix pour prot\u00e9ger le lien parent-enfant Adh\u00e9rer au Carrefour parent-enfant, c&rsquo;est unir sa voix pour permettre aux enfants et aux parents de familles s\u00e9par\u00e9es de pr\u00e9server ou de r\u00e9tablir leurs liens relationnels essentiels \u00e0 leur sant\u00e9 psychologique et affective.\u00a0 Que vous ayez besoin ou non de nos services, d\u00e9montrez votre engagement en devenant [&hellip;]<\/p>","protected":false},"author":5,"featured_media":0,"parent":0,"menu_order":0,"comment_status":"closed","ping_status":"closed","template":"","meta":{"footnotes":""},"class_list":["post-613","page","type-page","status-publish","hentry"],"yoast_head":"<!-- This site is optimized with the Yoast SEO plugin v24.9 - https:\/\/yoast.com\/wordpress\/plugins\/seo\/ -->\n<title>Devenir membre - CAP-E<\/title>\n<meta name=\"robots\" content=\"index, follow, max-snippet:-1, max-image-preview:large, max-video-preview:-1\" \/>\n<link rel=\"canonical\" href=\"https:\/\/cap-e.ca\/en\/devenir-membre\/\" \/>\n<meta property=\"og:locale\" content=\"en_US\" \/>\n<meta property=\"og:type\" content=\"article\" \/>\n<meta property=\"og:title\" content=\"Devenir membre - CAP-E\" \/>\n<meta property=\"og:description\" content=\"Unissons nos voix pour prot\u00e9ger le lien parent-enfant Adh\u00e9rer au Carrefour parent-enfant, c&rsquo;est unir sa voix pour permettre aux enfants et aux parents de familles s\u00e9par\u00e9es de pr\u00e9server ou de r\u00e9tablir leurs liens relationnels essentiels \u00e0 leur sant\u00e9 psychologique et affective.\u00a0 Que vous ayez besoin ou non de nos services, d\u00e9montrez votre engagement en devenant [&hellip;]\" \/>\n<meta property=\"og:url\" content=\"https:\/\/cap-e.ca\/en\/devenir-membre\/\" \/>\n<meta property=\"og:site_name\" content=\"CAP-E\" \/>\n<meta property=\"article:publisher\" content=\"https:\/\/www.facebook.com\/cape.parent.enfant\/\" \/>\n<meta property=\"article:modified_time\" content=\"2025-04-28T21:45:44+00:00\" \/>\n<meta name=\"twitter:card\" content=\"summary_large_image\" \/>\n<meta name=\"twitter:label1\" content=\"Est. reading time\" \/>\n\t<meta name=\"twitter:data1\" content=\"1 minute\" \/>\n<script type=\"application\/ld+json\" class=\"yoast-schema-graph\">{\"@context\":\"https:\/\/schema.org\",\"@graph\":[{\"@type\":\"WebPage\",\"@id\":\"https:\/\/cap-e.ca\/fr\/devenir-membre\/\",\"url\":\"https:\/\/cap-e.ca\/fr\/devenir-membre\/\",\"name\":\"Devenir membre - CAP-E\",\"isPartOf\":{\"@id\":\"https:\/\/cap-e.ca\/#website\"},\"datePublished\":\"2025-03-05T00:04:39+00:00\",\"dateModified\":\"2025-04-28T21:45:44+00:00\",\"breadcrumb\":{\"@id\":\"https:\/\/cap-e.ca\/fr\/devenir-membre\/#breadcrumb\"},\"inLanguage\":\"en-US\",\"potentialAction\":[{\"@type\":\"ReadAction\",\"target\":[\"https:\/\/cap-e.ca\/fr\/devenir-membre\/\"]}]},{\"@type\":\"BreadcrumbList\",\"@id\":\"https:\/\/cap-e.ca\/fr\/devenir-membre\/#breadcrumb\",\"itemListElement\":[{\"@type\":\"ListItem\",\"position\":1,\"name\":\"Home\",\"item\":\"https:\/\/cap-e.ca\/\"},{\"@type\":\"ListItem\",\"position\":2,\"name\":\"Devenir membre\"}]},{\"@type\":\"WebSite\",\"@id\":\"https:\/\/cap-e.ca\/#website\",\"url\":\"https:\/\/cap-e.ca\/\",\"name\":\"CAP-E\",\"description\":\"\",\"potentialAction\":[{\"@type\":\"SearchAction\",\"target\":{\"@type\":\"EntryPoint\",\"urlTemplate\":\"https:\/\/cap-e.ca\/?s={search_term_string}\"},\"query-input\":{\"@type\":\"PropertyValueSpecification\",\"valueRequired\":true,\"valueName\":\"search_term_string\"}}],\"inLanguage\":\"en-US\"}]}<\/script>\n<!-- \/ Yoast SEO plugin. -->","yoast_head_json":{"title":"Devenir membre - CAP-E","robots":{"index":"index","follow":"follow","max-snippet":"max-snippet:-1","max-image-preview":"max-image-preview:large","max-video-preview":"max-video-preview:-1"},"canonical":"https:\/\/cap-e.ca\/en\/devenir-membre\/","og_locale":"en_US","og_type":"article","og_title":"Devenir membre - CAP-E","og_description":"Unissons nos voix pour prot\u00e9ger le lien parent-enfant Adh\u00e9rer au Carrefour parent-enfant, c&rsquo;est unir sa voix pour permettre aux enfants et aux parents de familles s\u00e9par\u00e9es de pr\u00e9server ou de r\u00e9tablir leurs liens relationnels essentiels \u00e0 leur sant\u00e9 psychologique et affective.\u00a0 Que vous ayez besoin ou non de nos services, d\u00e9montrez votre engagement en devenant [&hellip;]","og_url":"https:\/\/cap-e.ca\/en\/devenir-membre\/","og_site_name":"CAP-E","article_publisher":"https:\/\/www.facebook.com\/cape.parent.enfant\/","article_modified_time":"2025-04-28T21:45:44+00:00","twitter_card":"summary_large_image","twitter_misc":{"Est. reading time":"1 minute"},"schema":{"@context":"https:\/\/schema.org","@graph":[{"@type":"WebPage","@id":"https:\/\/cap-e.ca\/fr\/devenir-membre\/","url":"https:\/\/cap-e.ca\/fr\/devenir-membre\/","name":"Devenir membre - CAP-E","isPartOf":{"@id":"https:\/\/cap-e.ca\/#website"},"datePublished":"2025-03-05T00:04:39+00:00","dateModified":"2025-04-28T21:45:44+00:00","breadcrumb":{"@id":"https:\/\/cap-e.ca\/fr\/devenir-membre\/#breadcrumb"},"inLanguage":"en-US","potentialAction":[{"@type":"ReadAction","target":["https:\/\/cap-e.ca\/fr\/devenir-membre\/"]}]},{"@type":"BreadcrumbList","@id":"https:\/\/cap-e.ca\/fr\/devenir-membre\/#breadcrumb","itemListElement":[{"@type":"ListItem","position":1,"name":"Home","item":"https:\/\/cap-e.ca\/"},{"@type":"ListItem","position":2,"name":"Devenir membre"}]},{"@type":"WebSite","@id":"https:\/\/cap-e.ca\/#website","url":"https:\/\/cap-e.ca\/","name":"CAP-E","description":"","potentialAction":[{"@type":"SearchAction","target":{"@type":"EntryPoint","urlTemplate":"https:\/\/cap-e.ca\/?s={search_term_string}"},"query-input":{"@type":"PropertyValueSpecification","valueRequired":true,"valueName":"search_term_string"}}],"inLanguage":"en-US"}]}},"_links":{"self":[{"href":"https:\/\/cap-e.ca\/en\/wp-json\/wp\/v2\/pages\/613","targetHints":{"allow":["GET"]}}],"collection":[{"href":"https:\/\/cap-e.ca\/en\/wp-json\/wp\/v2\/pages"}],"about":[{"href":"https:\/\/cap-e.ca\/en\/wp-json\/wp\/v2\/types\/page"}],"author":[{"embeddable":true,"href":"https:\/\/cap-e.ca\/en\/wp-json\/wp\/v2\/users\/5"}],"replies":[{"embeddable":true,"href":"https:\/\/cap-e.ca\/en\/wp-json\/wp\/v2\/comments?post=613"}],"version-history":[{"count":67,"href":"https:\/\/cap-e.ca\/en\/wp-json\/wp\/v2\/pages\/613\/revisions"}],"predecessor-version":[{"id":10288,"href":"https:\/\/cap-e.ca\/en\/wp-json\/wp\/v2\/pages\/613\/revisions\/10288"}],"wp:attachment":[{"href":"https:\/\/cap-e.ca\/en\/wp-json\/wp\/v2\/media?parent=613"}],"curies":[{"name":"wp","href":"https:\/\/api.w.org\/{rel}","templated":true}]}}