{"id":525,"date":"2025-03-05T00:01:30","date_gmt":"2025-03-05T00:01:30","guid":{"rendered":"https:\/\/dev.cap-e.ca\/?page_id=525"},"modified":"2026-03-13T19:55:52","modified_gmt":"2026-03-13T19:55:52","slug":"nous-contacter","status":"publish","type":"page","link":"https:\/\/cap-e.ca\/en\/nous-contacter\/","title":{"rendered":"Nous contacter"},"content":{"rendered":"<div data-elementor-type=\"wp-post\" data-elementor-id=\"525\" class=\"elementor elementor-525\">\n\t\t\t\t<div class=\"elementor-element elementor-element-45c33474 container e-flex e-con-boxed e-con e-parent\" data-id=\"45c33474\" data-element_type=\"container\">\n\t\t\t\t\t<div class=\"e-con-inner\">\n\t\t\t\t<div class=\"elementor-element elementor-element-25cb4600 elementor-widget elementor-widget-text-editor\" data-id=\"25cb4600\" data-element_type=\"widget\" data-widget_type=\"text-editor.default\">\n\t\t\t\t<div class=\"elementor-widget-container\">\n\t\t\t\t\t\t\t\t\t<p><span style=\"font-weight: 400;\">Le Carrefour parent-enfant (CAP-E) est un organisme de bienfaisance enregistr\u00e9 (770 882 520 RR0001) qui \u0153uvre partout au Qu\u00e9bec. Nous n&rsquo;avons pas de bureau physique : nos services sont offerts principalement en vid\u00e9oconf\u00e9rence, ce qui les rend accessibles \u00e0 toutes les familles, peu importe o\u00f9 elles se trouvent dans la province.<\/span><\/p><p><span style=\"font-weight: 400;\"><strong>Pour en savoir plus sur nos services :\u00a0<\/strong><br \/><\/span><span style=\"font-weight: 400;\">Consultez notre page <span style=\"text-decoration: underline;\"><strong><span style=\"color: #5ab786;\"><a style=\"color: #5ab786; text-decoration: underline;\" href=\"https:\/\/cap-e.ca\/en\/cap-e\/services\/\" target=\"_blank\" rel=\"noopener\">Services<\/a><\/span><\/strong><\/span>\u00a0pour d\u00e9couvrir tout ce que nous offrons.<\/span><\/p><p><strong style=\"font-size: 1.125rem;\">Pour nous \u00e9crire par la poste :<br \/><\/strong><span style=\"color: #5ab786; font-size: 1.125rem;\"><b>Carrefour parent-enfant<br \/><\/b><\/span><span style=\"color: #5ab786; font-size: 1.125rem;\">936 avenue du Mont-Royal Est<br \/><\/span><span style=\"color: #5ab786; font-size: 1.125rem;\">Montr\u00e9al, (Qu\u00e9bec)<br \/><\/span><span style=\"color: #5ab786; font-size: 1.125rem;\">H2J 1X2<\/span><\/p><p style=\"text-align: left;\"><span style=\"font-size: 1.125rem;\"><b>Une question ?<br \/><\/b><\/span><span style=\"font-size: 1.125rem;\">Avant de nous \u00e9crire, jetez un coup d&rsquo;\u0153il \u00e0 notre <span style=\"text-decoration: underline;\"><span style=\"color: #5ab786; text-decoration: underline;\"><a style=\"color: #5ab786; text-decoration: underline;\" href=\"https:\/\/cap-e.ca\/en\/faq\/\" target=\"_blank\" rel=\"noopener\"><strong>Foire aux questions (FAQ)<\/strong><\/a> <\/span><\/span>\u2014 vous y trouverez peut-\u00eatre votre r\u00e9ponse rapidement. <\/span><\/p><p style=\"text-align: left;\"><span style=\"font-size: 1.125rem;\">Si ce n\u2019est pas le cas, \u00e9crivez-nous au : <a style=\"color: #5ab786; text-decoration: underline;\" href=\"mailto:info@cap-e.ca\">info@cap-e.ca<\/a>, nous vous r\u00e9pondrons dans les plus brefs d\u00e9lais.<\/span><\/p>\t\t\t\t\t\t\t\t<\/div>\n\t\t\t\t<\/div>\n\t\t\t\t\t<\/div>\n\t\t\t\t<\/div>\n\t\t<div class=\"elementor-element elementor-element-3faa3e71 e-con-full e-flex e-con e-parent\" data-id=\"3faa3e71\" data-element_type=\"container\" data-settings=\"{&quot;background_background&quot;:&quot;classic&quot;}\">\n\t\t\t\t<div class=\"elementor-element elementor-element-26c4f24b elementor-widget elementor-widget-spacer\" data-id=\"26c4f24b\" data-element_type=\"widget\" data-widget_type=\"spacer.default\">\n\t\t\t\t<div class=\"elementor-widget-container\">\n\t\t\t\t\t\t\t<div class=\"elementor-spacer\">\n\t\t\t<div class=\"elementor-spacer-inner\"><\/div>\n\t\t<\/div>\n\t\t\t\t\t\t<\/div>\n\t\t\t\t<\/div>\n\t\t\t\t<\/div>\n\t\t\t\t<\/div>","protected":false},"excerpt":{"rendered":"<p>Le Carrefour parent-enfant (CAP-E) est un organisme de bienfaisance enregistr\u00e9 (770 882 520 RR0001) qui \u0153uvre partout au Qu\u00e9bec. Nous n&rsquo;avons pas de bureau physique : nos services sont offerts principalement en vid\u00e9oconf\u00e9rence, ce qui les rend accessibles \u00e0 toutes les familles, peu importe o\u00f9 elles se trouvent dans la province. Pour en savoir plus [&hellip;]<\/p>","protected":false},"author":5,"featured_media":0,"parent":0,"menu_order":0,"comment_status":"closed","ping_status":"closed","template":"","meta":{"footnotes":""},"class_list":["post-525","page","type-page","status-publish","hentry"],"yoast_head":"<!-- This site is optimized with the Yoast SEO plugin v24.9 - https:\/\/yoast.com\/wordpress\/plugins\/seo\/ -->\n<title>Nous contacter - CAP-E<\/title>\n<meta name=\"robots\" content=\"index, follow, max-snippet:-1, max-image-preview:large, max-video-preview:-1\" \/>\n<link rel=\"canonical\" href=\"https:\/\/cap-e.ca\/en\/nous-contacter\/\" \/>\n<meta property=\"og:locale\" content=\"en_US\" \/>\n<meta property=\"og:type\" content=\"article\" \/>\n<meta property=\"og:title\" content=\"Nous contacter - CAP-E\" \/>\n<meta property=\"og:description\" content=\"Le Carrefour parent-enfant (CAP-E) est un organisme de bienfaisance enregistr\u00e9 (770 882 520 RR0001) qui \u0153uvre partout au Qu\u00e9bec. Nous n&rsquo;avons pas de bureau physique : nos services sont offerts principalement en vid\u00e9oconf\u00e9rence, ce qui les rend accessibles \u00e0 toutes les familles, peu importe o\u00f9 elles se trouvent dans la province. Pour en savoir plus [&hellip;]\" \/>\n<meta property=\"og:url\" content=\"https:\/\/cap-e.ca\/en\/nous-contacter\/\" \/>\n<meta property=\"og:site_name\" content=\"CAP-E\" \/>\n<meta property=\"article:publisher\" content=\"https:\/\/www.facebook.com\/cape.parent.enfant\/\" \/>\n<meta property=\"article:modified_time\" content=\"2026-03-13T19:55:52+00:00\" \/>\n<meta name=\"twitter:card\" content=\"summary_large_image\" \/>\n<meta name=\"twitter:label1\" content=\"Est. reading time\" \/>\n\t<meta name=\"twitter:data1\" content=\"1 minute\" \/>\n<script type=\"application\/ld+json\" class=\"yoast-schema-graph\">{\"@context\":\"https:\/\/schema.org\",\"@graph\":[{\"@type\":\"WebPage\",\"@id\":\"https:\/\/cap-e.ca\/nous-contacter\/\",\"url\":\"https:\/\/cap-e.ca\/nous-contacter\/\",\"name\":\"Nous contacter - CAP-E\",\"isPartOf\":{\"@id\":\"https:\/\/cap-e.ca\/#website\"},\"datePublished\":\"2025-03-05T00:01:30+00:00\",\"dateModified\":\"2026-03-13T19:55:52+00:00\",\"breadcrumb\":{\"@id\":\"https:\/\/cap-e.ca\/nous-contacter\/#breadcrumb\"},\"inLanguage\":\"en-US\",\"potentialAction\":[{\"@type\":\"ReadAction\",\"target\":[\"https:\/\/cap-e.ca\/nous-contacter\/\"]}]},{\"@type\":\"BreadcrumbList\",\"@id\":\"https:\/\/cap-e.ca\/nous-contacter\/#breadcrumb\",\"itemListElement\":[{\"@type\":\"ListItem\",\"position\":1,\"name\":\"Home\",\"item\":\"https:\/\/cap-e.ca\/\"},{\"@type\":\"ListItem\",\"position\":2,\"name\":\"Nous contacter\"}]},{\"@type\":\"WebSite\",\"@id\":\"https:\/\/cap-e.ca\/#website\",\"url\":\"https:\/\/cap-e.ca\/\",\"name\":\"CAP-E\",\"description\":\"\",\"potentialAction\":[{\"@type\":\"SearchAction\",\"target\":{\"@type\":\"EntryPoint\",\"urlTemplate\":\"https:\/\/cap-e.ca\/?s={search_term_string}\"},\"query-input\":{\"@type\":\"PropertyValueSpecification\",\"valueRequired\":true,\"valueName\":\"search_term_string\"}}],\"inLanguage\":\"en-US\"}]}<\/script>\n<!-- \/ Yoast SEO plugin. -->","yoast_head_json":{"title":"Nous contacter - CAP-E","robots":{"index":"index","follow":"follow","max-snippet":"max-snippet:-1","max-image-preview":"max-image-preview:large","max-video-preview":"max-video-preview:-1"},"canonical":"https:\/\/cap-e.ca\/en\/nous-contacter\/","og_locale":"en_US","og_type":"article","og_title":"Nous contacter - CAP-E","og_description":"Le Carrefour parent-enfant (CAP-E) est un organisme de bienfaisance enregistr\u00e9 (770 882 520 RR0001) qui \u0153uvre partout au Qu\u00e9bec. Nous n&rsquo;avons pas de bureau physique : nos services sont offerts principalement en vid\u00e9oconf\u00e9rence, ce qui les rend accessibles \u00e0 toutes les familles, peu importe o\u00f9 elles se trouvent dans la province. Pour en savoir plus [&hellip;]","og_url":"https:\/\/cap-e.ca\/en\/nous-contacter\/","og_site_name":"CAP-E","article_publisher":"https:\/\/www.facebook.com\/cape.parent.enfant\/","article_modified_time":"2026-03-13T19:55:52+00:00","twitter_card":"summary_large_image","twitter_misc":{"Est. reading time":"1 minute"},"schema":{"@context":"https:\/\/schema.org","@graph":[{"@type":"WebPage","@id":"https:\/\/cap-e.ca\/nous-contacter\/","url":"https:\/\/cap-e.ca\/nous-contacter\/","name":"Nous contacter - CAP-E","isPartOf":{"@id":"https:\/\/cap-e.ca\/#website"},"datePublished":"2025-03-05T00:01:30+00:00","dateModified":"2026-03-13T19:55:52+00:00","breadcrumb":{"@id":"https:\/\/cap-e.ca\/nous-contacter\/#breadcrumb"},"inLanguage":"en-US","potentialAction":[{"@type":"ReadAction","target":["https:\/\/cap-e.ca\/nous-contacter\/"]}]},{"@type":"BreadcrumbList","@id":"https:\/\/cap-e.ca\/nous-contacter\/#breadcrumb","itemListElement":[{"@type":"ListItem","position":1,"name":"Home","item":"https:\/\/cap-e.ca\/"},{"@type":"ListItem","position":2,"name":"Nous contacter"}]},{"@type":"WebSite","@id":"https:\/\/cap-e.ca\/#website","url":"https:\/\/cap-e.ca\/","name":"CAP-E","description":"","potentialAction":[{"@type":"SearchAction","target":{"@type":"EntryPoint","urlTemplate":"https:\/\/cap-e.ca\/?s={search_term_string}"},"query-input":{"@type":"PropertyValueSpecification","valueRequired":true,"valueName":"search_term_string"}}],"inLanguage":"en-US"}]}},"_links":{"self":[{"href":"https:\/\/cap-e.ca\/en\/wp-json\/wp\/v2\/pages\/525","targetHints":{"allow":["GET"]}}],"collection":[{"href":"https:\/\/cap-e.ca\/en\/wp-json\/wp\/v2\/pages"}],"about":[{"href":"https:\/\/cap-e.ca\/en\/wp-json\/wp\/v2\/types\/page"}],"author":[{"embeddable":true,"href":"https:\/\/cap-e.ca\/en\/wp-json\/wp\/v2\/users\/5"}],"replies":[{"embeddable":true,"href":"https:\/\/cap-e.ca\/en\/wp-json\/wp\/v2\/comments?post=525"}],"version-history":[{"count":186,"href":"https:\/\/cap-e.ca\/en\/wp-json\/wp\/v2\/pages\/525\/revisions"}],"predecessor-version":[{"id":12150,"href":"https:\/\/cap-e.ca\/en\/wp-json\/wp\/v2\/pages\/525\/revisions\/12150"}],"wp:attachment":[{"href":"https:\/\/cap-e.ca\/en\/wp-json\/wp\/v2\/media?parent=525"}],"curies":[{"name":"wp","href":"https:\/\/api.w.org\/{rel}","templated":true}]}}