{"id":259,"date":"2025-03-04T00:52:08","date_gmt":"2025-03-04T00:52:08","guid":{"rendered":"https:\/\/dev.cap-e.ca\/?page_id=259"},"modified":"2025-05-01T15:12:54","modified_gmt":"2025-05-01T15:12:54","slug":"contribuer","status":"publish","type":"page","link":"https:\/\/cap-e.ca\/en\/contribuer\/","title":{"rendered":"Contribuer"},"content":{"rendered":"<div data-elementor-type=\"wp-page\" data-elementor-id=\"259\" class=\"elementor elementor-259\">\n\t\t\t\t<div class=\"elementor-element elementor-element-60fd40b e-flex e-con-boxed e-con e-parent\" data-id=\"60fd40b\" data-element_type=\"container\" data-settings=\"{&quot;background_background&quot;:&quot;classic&quot;}\">\n\t\t\t\t\t<div class=\"e-con-inner\">\n\t\t<div class=\"elementor-element elementor-element-d6200e5 e-con-full e-flex e-con e-child\" data-id=\"d6200e5\" data-element_type=\"container\" data-settings=\"{&quot;background_background&quot;:&quot;classic&quot;}\">\n\t\t\t\t<\/div>\n\t\t<div class=\"elementor-element elementor-element-7408298 e-con-full e-flex e-con e-child\" data-id=\"7408298\" data-element_type=\"container\">\n\t\t<div class=\"elementor-element elementor-element-bd9ada3 e-con-full e-flex e-con e-child\" data-id=\"bd9ada3\" data-element_type=\"container\" data-settings=\"{&quot;background_background&quot;:&quot;classic&quot;}\">\n\t\t\t\t<div class=\"elementor-element elementor-element-324d4bf elementor-widget elementor-widget-heading\" data-id=\"324d4bf\" data-element_type=\"widget\" data-widget_type=\"heading.default\">\n\t\t\t\t<div class=\"elementor-widget-container\">\n\t\t\t\t\t<h5 class=\"elementor-heading-title elementor-size-default\">Don en ligne<\/h5>\t\t\t\t<\/div>\n\t\t\t\t<\/div>\n\t\t\t\t<div class=\"elementor-element elementor-element-f512c4f elementor-widget elementor-widget-text-editor\" data-id=\"f512c4f\" data-element_type=\"widget\" data-widget_type=\"text-editor.default\">\n\t\t\t\t<div class=\"elementor-widget-container\">\n\t\t\t\t\t\t\t\t\t<p><span style=\"font-weight: 400;\">En quelques clics, faites un don s\u00e9curis\u00e9 pour soutenir notre mission. L\u2019enfant \u00e9tant au c\u0153ur de nos actions, chaque don est un investissement dans la protection de leur sant\u00e9 mentale. Optez pour un don mensuel pour un impact durable.\u00a0 Merci de votre g\u00e9n\u00e9rosit\u00e9 !<\/span><\/p>\t\t\t\t\t\t\t\t<\/div>\n\t\t\t\t<\/div>\n\t\t\t\t<div class=\"elementor-element elementor-element-71fc3e9 elementor-widget elementor-widget-litho-button\" data-id=\"71fc3e9\" data-element_type=\"widget\" data-widget_type=\"litho-button.default\">\n\t\t\t\t<div class=\"elementor-widget-container\">\n\t\t\t\t\t\t\t\t\t<div class=\"elementor-button-wrapper litho-button-wrapper\">\n\t\t\t\t\t<a class=\"elementor-button-link elementor-button elementor-size-xl\" href=\"https:\/\/www.zeffy.com\/donation-form\/2bb4d072-00ff-4195-b16b-b5e0c0a355a4\" target=\"_blank\" role=\"button\">\n\t\t\t\t\t\t\t\t\t<span class=\"elementor-button-content-wrapper\">\n\t\t\t\t\t\t\t\t\t\t\t\t\t<span class=\"elementor-button-text\">JE FAIS UN DON EN LIGNE<\/span>\n\t\t\t\t\t\t\t<\/span>\n\t\t\t\t\t\t\t\t\t<span class=\"screen-reader-text\">Button<\/span>\n\t\t\t\t\t<\/a>\n\t\t\t\t<\/div>\n\t\t\t\t\t\t\t<\/div>\n\t\t\t\t<\/div>\n\t\t\t\t<div class=\"elementor-element elementor-element-b56e6a1 elementor-widget elementor-widget-litho-button\" data-id=\"b56e6a1\" data-element_type=\"widget\" data-widget_type=\"litho-button.default\">\n\t\t\t\t<div class=\"elementor-widget-container\">\n\t\t\t\t\t\t\t\t\t<div class=\"elementor-button-wrapper litho-button-wrapper\">\n\t\t\t\t\t<a class=\"elementor-button-link elementor-button elementor-size-xl\" href=\"https:\/\/cap-e.ca\/wp-content\/uploads\/2025\/04\/Dons_titre-boursier-CAP-E.pdf\" target=\"_blank\" role=\"button\">\n\t\t\t\t\t\t\t\t\t<span class=\"elementor-button-content-wrapper\">\n\t\t\t\t\t\t\t\t\t\t\t\t\t<span class=\"elementor-button-text\">JE FAIS UN DON D&#039;ACTION<\/span>\n\t\t\t\t\t\t\t<\/span>\n\t\t\t\t\t\t\t\t\t<span class=\"screen-reader-text\">Button<\/span>\n\t\t\t\t\t<\/a>\n\t\t\t\t<\/div>\n\t\t\t\t\t\t\t<\/div>\n\t\t\t\t<\/div>\n\t\t\t\t<\/div>\n\t\t\t\t<\/div>\n\t\t\t\t\t<\/div>\n\t\t\t\t<\/div>\n\t\t<div class=\"elementor-element elementor-element-10eea7ab container e-flex e-con-boxed e-con e-parent\" data-id=\"10eea7ab\" data-element_type=\"container\" data-settings=\"{&quot;background_background&quot;:&quot;classic&quot;}\">\n\t\t\t\t\t<div class=\"e-con-inner\">\n\t\t\t\t<div class=\"elementor-element elementor-element-788327f5 elementor-widget__width-initial elementor-widget elementor-widget-heading\" data-id=\"788327f5\" data-element_type=\"widget\" data-widget_type=\"heading.default\">\n\t\t\t\t<div class=\"elementor-widget-container\">\n\t\t\t\t\t<h2 class=\"elementor-heading-title elementor-size-default\">Devenir membre<\/h2>\t\t\t\t<\/div>\n\t\t\t\t<\/div>\n\t\t<div class=\"elementor-element elementor-element-6b7bcba7 e-con-full e-flex e-con e-child\" data-id=\"6b7bcba7\" data-element_type=\"container\">\n\t\t\t\t<div class=\"elementor-element elementor-element-91abb8d elementor-widget elementor-widget-litho-button\" data-id=\"91abb8d\" data-element_type=\"widget\" data-widget_type=\"litho-button.default\">\n\t\t\t\t<div class=\"elementor-widget-container\">\n\t\t\t\t\t\t\t\t\t<div class=\"elementor-button-wrapper litho-button-wrapper\">\n\t\t\t\t\t<a class=\"elementor-button-link elementor-button elementor-size-xl\" href=\"https:\/\/www.zeffy.com\/ticketing\/879d5725-8155-44eb-a984-0719c951d961\" role=\"button\">\n\t\t\t\t\t\t\t\t\t<span class=\"elementor-button-content-wrapper\">\n\t\t\t\t\t\t\t\t\t\t\t\t\t<span class=\"elementor-button-text\">J&#039;ADH\u00c8RE<\/span>\n\t\t\t\t\t\t\t<\/span>\n\t\t\t\t\t\t\t\t\t<span class=\"screen-reader-text\">Button<\/span>\n\t\t\t\t\t<\/a>\n\t\t\t\t<\/div>\n\t\t\t\t\t\t\t<\/div>\n\t\t\t\t<\/div>\n\t\t\t\t<\/div>\n\t\t\t\t\t<\/div>\n\t\t\t\t<\/div>\n\t\t<div class=\"elementor-element elementor-element-d68e723 container e-flex e-con-boxed e-con e-parent\" data-id=\"d68e723\" data-element_type=\"container\">\n\t\t\t\t\t<div class=\"e-con-inner\">\n\t\t<div class=\"elementor-element elementor-element-0479580 e-flex e-con-boxed e-con e-child\" data-id=\"0479580\" data-element_type=\"container\">\n\t\t\t\t\t<div class=\"e-con-inner\">\n\t\t\t\t<div class=\"elementor-element elementor-element-5980e13 elementor-widget elementor-widget-heading\" data-id=\"5980e13\" data-element_type=\"widget\" data-widget_type=\"heading.default\">\n\t\t\t\t<div class=\"elementor-widget-container\">\n\t\t\t\t\t<h5 class=\"elementor-heading-title elementor-size-default\">B\u00e9n\u00e9volat<\/h5>\t\t\t\t<\/div>\n\t\t\t\t<\/div>\n\t\t\t\t<div class=\"elementor-element elementor-element-dd83493 elementor-widget elementor-widget-text-editor\" data-id=\"dd83493\" data-element_type=\"widget\" data-widget_type=\"text-editor.default\">\n\t\t\t\t<div class=\"elementor-widget-container\">\n\t\t\t\t\t\t\t\t\t<p><strong>Et si votre talent pouvait transformer des vies\u2009?<\/strong><\/p><p>Vous avez des comp\u00e9tences professionnelles en communication, recherche de financement, en psychologie et\/ou autre domaine pertinent \u00e0 notre organisme\u2009?<\/p><p>Aidez-nous \u00e0 faire rayonner notre mission en vous impliquant b\u00e9n\u00e9volement\u2009!<\/p><p>Parlez-nous de vous en remplissant notre formulaire et faites une diff\u00e9rence par le partage de votre expertise\u2009!<\/p>\t\t\t\t\t\t\t\t<\/div>\n\t\t\t\t<\/div>\n\t\t\t\t<div class=\"elementor-element elementor-element-6acc44b elementor-tablet-align-center elementor-widget elementor-widget-litho-button\" data-id=\"6acc44b\" data-element_type=\"widget\" data-widget_type=\"litho-button.default\">\n\t\t\t\t<div class=\"elementor-widget-container\">\n\t\t\t\t\t\t\t\t\t<div class=\"elementor-button-wrapper litho-button-wrapper\">\n\t\t\t\t\t<a class=\"elementor-button-link elementor-button elementor-size-xl\" href=\"https:\/\/zfrmz.com\/FkYNTsxYtaNxBnJEnVNl\" target=\"_blank\" role=\"button\">\n\t\t\t\t\t\t\t\t\t<span class=\"elementor-button-content-wrapper\">\n\t\t\t\t\t\t\t\t\t\t\t\t\t<span class=\"elementor-button-text\">JE D\u00c9SIRE FAIRE DU B\u00c9N\u00c9VOLAT<\/span>\n\t\t\t\t\t\t\t<\/span>\n\t\t\t\t\t\t\t\t\t<span class=\"screen-reader-text\">Button<\/span>\n\t\t\t\t\t<\/a>\n\t\t\t\t<\/div>\n\t\t\t\t\t\t\t<\/div>\n\t\t\t\t<\/div>\n\t\t\t\t\t<\/div>\n\t\t\t\t<\/div>\n\t\t<div class=\"elementor-element elementor-element-385a0fd e-con-full e-flex e-con e-child\" data-id=\"385a0fd\" data-element_type=\"container\">\n\t\t\t\t<div class=\"elementor-element elementor-element-020bb24 elementor-widget elementor-widget-image\" data-id=\"020bb24\" data-element_type=\"widget\" data-widget_type=\"image.default\">\n\t\t\t\t<div class=\"elementor-widget-container\">\n\t\t\t\t\t\t\t\t\t\t\t\t\t\t\t<img decoding=\"async\" src=\"https:\/\/cap-e.ca\/wp-content\/uploads\/2025\/03\/pretty-girl-pointing-smiling.png\" title=\"\" alt=\"\" loading=\"lazy\" \/>\t\t\t\t\t\t\t\t\t\t\t\t\t\t\t<\/div>\n\t\t\t\t<\/div>\n\t\t\t\t<\/div>\n\t\t\t\t\t<\/div>\n\t\t\t\t<\/div>\n\t\t<div class=\"elementor-element elementor-element-081abaf e-flex e-con-boxed e-con e-parent\" data-id=\"081abaf\" data-element_type=\"container\" data-settings=\"{&quot;background_background&quot;:&quot;classic&quot;}\">\n\t\t\t\t\t<div class=\"e-con-inner\">\n\t\t<div class=\"elementor-element elementor-element-18a445a e-con-full e-flex e-con e-child\" data-id=\"18a445a\" data-element_type=\"container\" data-settings=\"{&quot;background_background&quot;:&quot;classic&quot;}\">\n\t\t\t\t<\/div>\n\t\t<div class=\"elementor-element elementor-element-c098300 e-con-full e-flex e-con e-child\" data-id=\"c098300\" data-element_type=\"container\">\n\t\t<div class=\"elementor-element elementor-element-f625e8b e-con-full e-flex e-con e-child\" data-id=\"f625e8b\" data-element_type=\"container\" data-settings=\"{&quot;background_background&quot;:&quot;classic&quot;}\">\n\t\t\t\t<div class=\"elementor-element elementor-element-331a63d elementor-widget elementor-widget-heading\" data-id=\"331a63d\" data-element_type=\"widget\" data-widget_type=\"heading.default\">\n\t\t\t\t<div class=\"elementor-widget-container\">\n\t\t\t\t\t<h5 class=\"elementor-heading-title elementor-size-default\">Trousse juridique<\/h5>\t\t\t\t<\/div>\n\t\t\t\t<\/div>\n\t\t\t\t<div class=\"elementor-element elementor-element-926b2df elementor-widget elementor-widget-text-editor\" data-id=\"926b2df\" data-element_type=\"widget\" data-widget_type=\"text-editor.default\">\n\t\t\t\t<div class=\"elementor-widget-container\">\n\t\t\t\t\t\t\t\t\t<p><b>Cette \u00e9dition 2025 <\/b>de plus de 100 pages, r\u00e9dig\u00e9e par des professionnels juridiques, d\u00e9mystifie les d\u00e9marches, le vocabulaire et les outils psychojuridiques li\u00e9s \u00e0 l\u2019ali\u00e9nation parentale. De la m\u00e9diation aux expertises psychosociales, en passant par la jurisprudence et des outils concrets, il vous accompagne pour mieux comprendre, anticiper et prot\u00e9ger votre enfant.<\/p>\t\t\t\t\t\t\t\t<\/div>\n\t\t\t\t<\/div>\n\t\t\t\t<div class=\"elementor-element elementor-element-1c80c91 elementor-widget elementor-widget-litho-button\" data-id=\"1c80c91\" data-element_type=\"widget\" data-widget_type=\"litho-button.default\">\n\t\t\t\t<div class=\"elementor-widget-container\">\n\t\t\t\t\t\t\t\t\t<div class=\"elementor-button-wrapper litho-button-wrapper\">\n\t\t\t\t\t<a class=\"elementor-button-link elementor-button elementor-size-xl\" href=\"https:\/\/cap-e.ca\/wp-content\/uploads\/2025\/04\/Table-des-matie\u0300res_Trousse-2025.pdf\" role=\"button\">\n\t\t\t\t\t\t\t\t\t<span class=\"elementor-button-content-wrapper\">\n\t\t\t\t\t\t\t\t\t\t\t\t\t<span class=\"elementor-button-text\">VISUALISER<\/span>\n\t\t\t\t\t\t\t<\/span>\n\t\t\t\t\t\t\t\t\t<span class=\"screen-reader-text\">Button<\/span>\n\t\t\t\t\t<\/a>\n\t\t\t\t<\/div>\n\t\t\t\t\t\t\t<\/div>\n\t\t\t\t<\/div>\n\t\t\t\t<div class=\"elementor-element elementor-element-d9659a3 elementor-widget elementor-widget-litho-button\" data-id=\"d9659a3\" data-element_type=\"widget\" data-widget_type=\"litho-button.default\">\n\t\t\t\t<div class=\"elementor-widget-container\">\n\t\t\t\t\t\t\t\t\t<div class=\"elementor-button-wrapper litho-button-wrapper\">\n\t\t\t\t\t<a class=\"elementor-button-link elementor-button elementor-size-xl\" href=\"https:\/\/www.zeffy.com\/ticketing\/trousse-juridique\" target=\"_blank\" role=\"button\">\n\t\t\t\t\t\t\t\t\t<span class=\"elementor-button-content-wrapper\">\n\t\t\t\t\t\t\t\t\t\t\t\t\t<span class=\"elementor-button-text\">ACHETER<\/span>\n\t\t\t\t\t\t\t<\/span>\n\t\t\t\t\t\t\t\t\t<span class=\"screen-reader-text\">Button<\/span>\n\t\t\t\t\t<\/a>\n\t\t\t\t<\/div>\n\t\t\t\t\t\t\t<\/div>\n\t\t\t\t<\/div>\n\t\t\t\t<\/div>\n\t\t\t\t<\/div>\n\t\t\t\t\t<\/div>\n\t\t\t\t<\/div>\n\t\t<div class=\"elementor-element elementor-element-60dad18 container e-flex e-con-boxed e-con e-parent\" data-id=\"60dad18\" data-element_type=\"container\">\n\t\t\t\t\t<div class=\"e-con-inner\">\n\t\t<div class=\"elementor-element elementor-element-3d87559 e-flex e-con-boxed e-con e-child\" data-id=\"3d87559\" data-element_type=\"container\">\n\t\t\t\t\t<div class=\"e-con-inner\">\n\t\t\t\t<div class=\"elementor-element elementor-element-9d60dad elementor-widget elementor-widget-heading\" data-id=\"9d60dad\" data-element_type=\"widget\" data-widget_type=\"heading.default\">\n\t\t\t\t<div class=\"elementor-widget-container\">\n\t\t\t\t\t<h5 class=\"elementor-heading-title elementor-size-default\">T\u00e9moignages de nos donateurs<\/h5>\t\t\t\t<\/div>\n\t\t\t\t<\/div>\n\t\t\t\t<div class=\"elementor-element elementor-element-1729b49 elementor-widget elementor-widget-text-editor\" data-id=\"1729b49\" data-element_type=\"widget\" data-widget_type=\"text-editor.default\">\n\t\t\t\t<div class=\"elementor-widget-container\">\n\t\t\t\t\t\t\t\t\t<p style=\"text-align: center;\"><em>\u00ab\u2009Je veux offrir de l\u2019espoir \u00e0 tous ceux qui souffrent de l\u2019ali\u00e9nation parentale.\u2009\u00bb<\/em><\/p>\t\t\t\t\t\t\t\t<\/div>\n\t\t\t\t<\/div>\n\t\t\t\t<div class=\"elementor-element elementor-element-a6b74e4 elementor-widget-divider--view-line_icon elementor-view-default elementor-widget-divider--element-align-center elementor-widget elementor-widget-divider\" data-id=\"a6b74e4\" data-element_type=\"widget\" data-widget_type=\"divider.default\">\n\t\t\t\t<div class=\"elementor-widget-container\">\n\t\t\t\t\t\t\t<div class=\"elementor-divider\">\n\t\t\t<span class=\"elementor-divider-separator\">\n\t\t\t\t\t\t\t<div class=\"elementor-icon elementor-divider__element\">\n\t\t\t\t\t<i aria-hidden=\"true\" class=\"icon-feather-heart\"><\/i><\/div>\n\t\t\t\t\t\t<\/span>\n\t\t<\/div>\n\t\t\t\t\t\t<\/div>\n\t\t\t\t<\/div>\n\t\t\t\t<div class=\"elementor-element elementor-element-030373b elementor-widget elementor-widget-text-editor\" data-id=\"030373b\" data-element_type=\"widget\" data-widget_type=\"text-editor.default\">\n\t\t\t\t<div class=\"elementor-widget-container\">\n\t\t\t\t\t\t\t\t\t<p style=\"text-align: center;\"><em>\u00ab Vous \u00eates essentiel pour obtenir de l\u2019information sur ce ph\u00e9nom\u00e8ne incompr\u00e9hensible et destructeur.\u2009\u00bb<\/em><\/p>\t\t\t\t\t\t\t\t<\/div>\n\t\t\t\t<\/div>\n\t\t\t\t<div class=\"elementor-element elementor-element-8bff03d elementor-widget-divider--view-line_icon elementor-view-default elementor-widget-divider--element-align-center elementor-widget elementor-widget-divider\" data-id=\"8bff03d\" data-element_type=\"widget\" data-widget_type=\"divider.default\">\n\t\t\t\t<div class=\"elementor-widget-container\">\n\t\t\t\t\t\t\t<div class=\"elementor-divider\">\n\t\t\t<span class=\"elementor-divider-separator\">\n\t\t\t\t\t\t\t<div class=\"elementor-icon elementor-divider__element\">\n\t\t\t\t\t<i aria-hidden=\"true\" class=\"icon-feather-heart\"><\/i><\/div>\n\t\t\t\t\t\t<\/span>\n\t\t<\/div>\n\t\t\t\t\t\t<\/div>\n\t\t\t\t<\/div>\n\t\t\t\t<div class=\"elementor-element elementor-element-bab2e81 elementor-widget elementor-widget-text-editor\" data-id=\"bab2e81\" data-element_type=\"widget\" data-widget_type=\"text-editor.default\">\n\t\t\t\t<div class=\"elementor-widget-container\">\n\t\t\t\t\t\t\t\t\t<p style=\"text-align: center;\"><em>\u00ab\u2009Vous m\u2019avez r\u00e9ellement sauv\u00e9 l\u2019\u00e2me en m\u2019aidant \u00e0 croire \u00e0 la r\u00e9conciliation, m\u00eame dans un contexte de bris de relation.\u2009\u00bb<\/em><\/p>\t\t\t\t\t\t\t\t<\/div>\n\t\t\t\t<\/div>\n\t\t\t\t<div class=\"elementor-element elementor-element-c6ab28e elementor-tablet-align-center elementor-align-left elementor-widget elementor-widget-litho-button\" data-id=\"c6ab28e\" data-element_type=\"widget\" data-widget_type=\"litho-button.default\">\n\t\t\t\t<div class=\"elementor-widget-container\">\n\t\t\t\t\t\t\t\t\t<div class=\"elementor-button-wrapper litho-button-wrapper\">\n\t\t\t\t\t<a class=\"elementor-button-link elementor-button elementor-size-xl\" href=\"mailto:%20info@cap-e.ca\" role=\"button\">\n\t\t\t\t\t\t\t\t\t<span class=\"elementor-button-content-wrapper\">\n\t\t\t\t\t\t\t\t\t\t\t\t\t<span class=\"elementor-button-text\">\u00c9CRIRE UN T\u00c9MOIGNAGE<\/span>\n\t\t\t\t\t\t\t<\/span>\n\t\t\t\t\t\t\t\t\t<span class=\"screen-reader-text\">Button<\/span>\n\t\t\t\t\t<\/a>\n\t\t\t\t<\/div>\n\t\t\t\t\t\t\t<\/div>\n\t\t\t\t<\/div>\n\t\t\t\t\t<\/div>\n\t\t\t\t<\/div>\n\t\t<div class=\"elementor-element elementor-element-7d3f930 e-con-full e-flex e-con e-child\" data-id=\"7d3f930\" data-element_type=\"container\" data-settings=\"{&quot;background_background&quot;:&quot;classic&quot;}\">\n\t\t\t\t<div class=\"elementor-element elementor-element-48fa35c elementor-widget elementor-widget-image\" data-id=\"48fa35c\" data-element_type=\"widget\" data-widget_type=\"image.default\">\n\t\t\t\t<div class=\"elementor-widget-container\">\n\t\t\t\t\t\t\t\t\t\t\t\t\t\t\t<img fetchpriority=\"high\" decoding=\"async\" width=\"987\" height=\"1038\" src=\"https:\/\/cap-e.ca\/wp-content\/uploads\/2025\/03\/girl-hugging-her-father-white.png\" class=\"attachment-full size-full wp-image-3254\" alt=\"girl-hugging-her-father-white\" srcset=\"https:\/\/cap-e.ca\/wp-content\/uploads\/2025\/03\/girl-hugging-her-father-white.png 987w, https:\/\/cap-e.ca\/wp-content\/uploads\/2025\/03\/girl-hugging-her-father-white-285x300.png 285w, https:\/\/cap-e.ca\/wp-content\/uploads\/2025\/03\/girl-hugging-her-father-white-974x1024.png 974w, https:\/\/cap-e.ca\/wp-content\/uploads\/2025\/03\/girl-hugging-her-father-white-768x808.png 768w, https:\/\/cap-e.ca\/wp-content\/uploads\/2025\/03\/girl-hugging-her-father-white-11x12.png 11w, https:\/\/cap-e.ca\/wp-content\/uploads\/2025\/03\/girl-hugging-her-father-white-200x210.png 200w\" sizes=\"(max-width: 987px) 100vw, 987px\" \/>\t\t\t\t\t\t\t\t\t\t\t\t\t\t\t<\/div>\n\t\t\t\t<\/div>\n\t\t\t\t<\/div>\n\t\t\t\t\t<\/div>\n\t\t\t\t<\/div>\n\t\t\t\t<\/div>","protected":false},"excerpt":{"rendered":"<p>Don en ligne En quelques clics, faites un don s\u00e9curis\u00e9 pour soutenir notre mission. L\u2019enfant \u00e9tant au c\u0153ur de nos actions, chaque don est un investissement dans la protection de leur sant\u00e9 mentale. Optez pour un don mensuel pour un impact durable.\u00a0 Merci de votre g\u00e9n\u00e9rosit\u00e9 ! JE FAIS UN DON EN LIGNE Button JE [&hellip;]<\/p>","protected":false},"author":1,"featured_media":0,"parent":0,"menu_order":0,"comment_status":"closed","ping_status":"closed","template":"","meta":{"footnotes":""},"class_list":["post-259","page","type-page","status-publish","hentry"],"yoast_head":"<!-- This site is optimized with the Yoast SEO plugin v24.9 - https:\/\/yoast.com\/wordpress\/plugins\/seo\/ -->\n<title>Contribuer - CAP-E<\/title>\n<meta name=\"robots\" content=\"index, follow, max-snippet:-1, max-image-preview:large, max-video-preview:-1\" \/>\n<link rel=\"canonical\" href=\"https:\/\/cap-e.ca\/en\/contribuer\/\" \/>\n<meta property=\"og:locale\" content=\"en_US\" \/>\n<meta property=\"og:type\" content=\"article\" \/>\n<meta property=\"og:title\" content=\"Contribuer - CAP-E\" \/>\n<meta property=\"og:description\" content=\"Don en ligne En quelques clics, faites un don s\u00e9curis\u00e9 pour soutenir notre mission. L\u2019enfant \u00e9tant au c\u0153ur de nos actions, chaque don est un investissement dans la protection de leur sant\u00e9 mentale. Optez pour un don mensuel pour un impact durable.\u00a0 Merci de votre g\u00e9n\u00e9rosit\u00e9 ! JE FAIS UN DON EN LIGNE Button JE [&hellip;]\" \/>\n<meta property=\"og:url\" content=\"https:\/\/cap-e.ca\/en\/contribuer\/\" \/>\n<meta property=\"og:site_name\" content=\"CAP-E\" \/>\n<meta property=\"article:publisher\" content=\"https:\/\/www.facebook.com\/cape.parent.enfant\/\" \/>\n<meta property=\"article:modified_time\" content=\"2025-05-01T15:12:54+00:00\" \/>\n<meta property=\"og:image\" content=\"https:\/\/cap-e.ca\/wp-content\/uploads\/2025\/03\/pretty-girl-pointing-smiling.png\" \/>\n<meta name=\"twitter:card\" content=\"summary_large_image\" \/>\n<meta name=\"twitter:label1\" content=\"Est. reading time\" \/>\n\t<meta name=\"twitter:data1\" content=\"2 minutes\" \/>\n<script type=\"application\/ld+json\" class=\"yoast-schema-graph\">{\"@context\":\"https:\/\/schema.org\",\"@graph\":[{\"@type\":\"WebPage\",\"@id\":\"https:\/\/cap-e.ca\/fr\/contribuer\/\",\"url\":\"https:\/\/cap-e.ca\/fr\/contribuer\/\",\"name\":\"Contribuer - CAP-E\",\"isPartOf\":{\"@id\":\"https:\/\/cap-e.ca\/#website\"},\"primaryImageOfPage\":{\"@id\":\"https:\/\/cap-e.ca\/fr\/contribuer\/#primaryimage\"},\"image\":{\"@id\":\"https:\/\/cap-e.ca\/fr\/contribuer\/#primaryimage\"},\"thumbnailUrl\":\"https:\/\/cap-e.ca\/wp-content\/uploads\/2025\/03\/pretty-girl-pointing-smiling.png\",\"datePublished\":\"2025-03-04T00:52:08+00:00\",\"dateModified\":\"2025-05-01T15:12:54+00:00\",\"breadcrumb\":{\"@id\":\"https:\/\/cap-e.ca\/fr\/contribuer\/#breadcrumb\"},\"inLanguage\":\"en-US\",\"potentialAction\":[{\"@type\":\"ReadAction\",\"target\":[\"https:\/\/cap-e.ca\/fr\/contribuer\/\"]}]},{\"@type\":\"ImageObject\",\"inLanguage\":\"en-US\",\"@id\":\"https:\/\/cap-e.ca\/fr\/contribuer\/#primaryimage\",\"url\":\"https:\/\/cap-e.ca\/wp-content\/uploads\/2025\/03\/pretty-girl-pointing-smiling.png\",\"contentUrl\":\"https:\/\/cap-e.ca\/wp-content\/uploads\/2025\/03\/pretty-girl-pointing-smiling.png\"},{\"@type\":\"BreadcrumbList\",\"@id\":\"https:\/\/cap-e.ca\/fr\/contribuer\/#breadcrumb\",\"itemListElement\":[{\"@type\":\"ListItem\",\"position\":1,\"name\":\"Home\",\"item\":\"https:\/\/cap-e.ca\/\"},{\"@type\":\"ListItem\",\"position\":2,\"name\":\"Contribuer\"}]},{\"@type\":\"WebSite\",\"@id\":\"https:\/\/cap-e.ca\/#website\",\"url\":\"https:\/\/cap-e.ca\/\",\"name\":\"CAP-E\",\"description\":\"\",\"potentialAction\":[{\"@type\":\"SearchAction\",\"target\":{\"@type\":\"EntryPoint\",\"urlTemplate\":\"https:\/\/cap-e.ca\/?s={search_term_string}\"},\"query-input\":{\"@type\":\"PropertyValueSpecification\",\"valueRequired\":true,\"valueName\":\"search_term_string\"}}],\"inLanguage\":\"en-US\"}]}<\/script>\n<!-- \/ Yoast SEO plugin. -->","yoast_head_json":{"title":"Contribuer - CAP-E","robots":{"index":"index","follow":"follow","max-snippet":"max-snippet:-1","max-image-preview":"max-image-preview:large","max-video-preview":"max-video-preview:-1"},"canonical":"https:\/\/cap-e.ca\/en\/contribuer\/","og_locale":"en_US","og_type":"article","og_title":"Contribuer - CAP-E","og_description":"Don en ligne En quelques clics, faites un don s\u00e9curis\u00e9 pour soutenir notre mission. L\u2019enfant \u00e9tant au c\u0153ur de nos actions, chaque don est un investissement dans la protection de leur sant\u00e9 mentale. Optez pour un don mensuel pour un impact durable.\u00a0 Merci de votre g\u00e9n\u00e9rosit\u00e9 ! JE FAIS UN DON EN LIGNE Button JE [&hellip;]","og_url":"https:\/\/cap-e.ca\/en\/contribuer\/","og_site_name":"CAP-E","article_publisher":"https:\/\/www.facebook.com\/cape.parent.enfant\/","article_modified_time":"2025-05-01T15:12:54+00:00","og_image":[{"url":"https:\/\/cap-e.ca\/wp-content\/uploads\/2025\/03\/pretty-girl-pointing-smiling.png","type":"","width":"","height":""}],"twitter_card":"summary_large_image","twitter_misc":{"Est. reading time":"2 minutes"},"schema":{"@context":"https:\/\/schema.org","@graph":[{"@type":"WebPage","@id":"https:\/\/cap-e.ca\/fr\/contribuer\/","url":"https:\/\/cap-e.ca\/fr\/contribuer\/","name":"Contribuer - CAP-E","isPartOf":{"@id":"https:\/\/cap-e.ca\/#website"},"primaryImageOfPage":{"@id":"https:\/\/cap-e.ca\/fr\/contribuer\/#primaryimage"},"image":{"@id":"https:\/\/cap-e.ca\/fr\/contribuer\/#primaryimage"},"thumbnailUrl":"https:\/\/cap-e.ca\/wp-content\/uploads\/2025\/03\/pretty-girl-pointing-smiling.png","datePublished":"2025-03-04T00:52:08+00:00","dateModified":"2025-05-01T15:12:54+00:00","breadcrumb":{"@id":"https:\/\/cap-e.ca\/fr\/contribuer\/#breadcrumb"},"inLanguage":"en-US","potentialAction":[{"@type":"ReadAction","target":["https:\/\/cap-e.ca\/fr\/contribuer\/"]}]},{"@type":"ImageObject","inLanguage":"en-US","@id":"https:\/\/cap-e.ca\/fr\/contribuer\/#primaryimage","url":"https:\/\/cap-e.ca\/wp-content\/uploads\/2025\/03\/pretty-girl-pointing-smiling.png","contentUrl":"https:\/\/cap-e.ca\/wp-content\/uploads\/2025\/03\/pretty-girl-pointing-smiling.png"},{"@type":"BreadcrumbList","@id":"https:\/\/cap-e.ca\/fr\/contribuer\/#breadcrumb","itemListElement":[{"@type":"ListItem","position":1,"name":"Home","item":"https:\/\/cap-e.ca\/"},{"@type":"ListItem","position":2,"name":"Contribuer"}]},{"@type":"WebSite","@id":"https:\/\/cap-e.ca\/#website","url":"https:\/\/cap-e.ca\/","name":"CAP-E","description":"","potentialAction":[{"@type":"SearchAction","target":{"@type":"EntryPoint","urlTemplate":"https:\/\/cap-e.ca\/?s={search_term_string}"},"query-input":{"@type":"PropertyValueSpecification","valueRequired":true,"valueName":"search_term_string"}}],"inLanguage":"en-US"}]}},"_links":{"self":[{"href":"https:\/\/cap-e.ca\/en\/wp-json\/wp\/v2\/pages\/259","targetHints":{"allow":["GET"]}}],"collection":[{"href":"https:\/\/cap-e.ca\/en\/wp-json\/wp\/v2\/pages"}],"about":[{"href":"https:\/\/cap-e.ca\/en\/wp-json\/wp\/v2\/types\/page"}],"author":[{"embeddable":true,"href":"https:\/\/cap-e.ca\/en\/wp-json\/wp\/v2\/users\/1"}],"replies":[{"embeddable":true,"href":"https:\/\/cap-e.ca\/en\/wp-json\/wp\/v2\/comments?post=259"}],"version-history":[{"count":418,"href":"https:\/\/cap-e.ca\/en\/wp-json\/wp\/v2\/pages\/259\/revisions"}],"predecessor-version":[{"id":11083,"href":"https:\/\/cap-e.ca\/en\/wp-json\/wp\/v2\/pages\/259\/revisions\/11083"}],"wp:attachment":[{"href":"https:\/\/cap-e.ca\/en\/wp-json\/wp\/v2\/media?parent=259"}],"curies":[{"name":"wp","href":"https:\/\/api.w.org\/{rel}","templated":true}]}}