{"id":1695,"date":"2025-03-17T13:57:39","date_gmt":"2025-03-17T13:57:39","guid":{"rendered":"https:\/\/dev.cap-e.ca\/?page_id=1695"},"modified":"2025-05-06T15:21:47","modified_gmt":"2025-05-06T15:21:47","slug":"termes-conditions","status":"publish","type":"page","link":"https:\/\/cap-e.ca\/en\/termes-conditions\/","title":{"rendered":"Termes et conditions"},"content":{"rendered":"<div data-elementor-type=\"wp-page\" data-elementor-id=\"1695\" class=\"elementor elementor-1695\">\n\t\t\t\t<div class=\"elementor-element elementor-element-40284703 e-flex e-con-boxed e-con e-parent\" data-id=\"40284703\" data-element_type=\"container\">\n\t\t\t\t\t<div class=\"e-con-inner\">\n\t\t\t\t<div class=\"elementor-element elementor-element-2370c5cd elementor-widget elementor-widget-text-editor\" data-id=\"2370c5cd\" data-element_type=\"widget\" data-widget_type=\"text-editor.default\">\n\t\t\t\t<div class=\"elementor-widget-container\">\n\t\t\t\t\t\t\t\t\t<p>1. VOTRE ACCORD<br \/>En utilisant ce site, vous acceptez d&rsquo;\u00eatre li\u00e9 par ces conditions et de les respecter. Si vous n&rsquo;acceptez pas ces conditions g\u00e9n\u00e9rales, veuillez ne pas utiliser ce site.<\/p><p>VEUILLEZ NOTER: Nous nous r\u00e9servons le droit, \u00e0 notre seule discr\u00e9tion, de modifier ou autrement modifier ces conditions g\u00e9n\u00e9rales \u00e0 tout moment. Sauf indication contraire, les modifications entreront en vigueur im- m\u00e9diatement. Veuillez consulter ces conditions d&rsquo;utilisation p\u00e9riodiquement. Votre utilisation continue du site apr\u00e8s la publication des changements et\/ou modifications constituera votre acceptation des conditions g\u00e9n\u00e9- rales r\u00e9vis\u00e9es et le caract\u00e8re raisonnable de ces normes pour l&rsquo;avis des changements. Pour votre information, cette page a \u00e9t\u00e9 mise \u00e0 jour en dernier \u00e0 la date indiqu\u00e9e au haut de ces termes et conditions.<\/p><p>2. PROTECTION DES RENSEIGNEMENTS PERSONNELS<br \/>Veuillez consulter notre politique de confidentialit\u00e9, qui r\u00e9git \u00e9galement votre visite sur ce site, pour compren- dre nos pratiques.<\/p><p>3. SITES LI\u00c9S<br \/>Ce site peut contenir des liens vers d&rsquo;autres sites Web ind\u00e9pendants de tiers (les &lt;&lt; sites li\u00e9s \u00bb). Ces sites li\u00e9s sont fournis uniquement \u00e0 titre de commodit\u00e9 pour nos visiteurs. Ces sites li\u00e9s ne sont pas sous notre contr\u00f4le, et nous ne sommes pas responsables du contenu de ces sites li\u00e9s, y compris les informations ou les mat\u00e9riaux contenus sur ces sites li\u00e9s. Vous devrez faire votre propre jugement ind\u00e9pendant concernant votre interaction avec ces sites li\u00e9s.<\/p><p>4. D\u00c9CLARATIONS PROSPECTIVES<br \/>Tous les documents reproduits sur ce site sont \u00e0 la date de publication ou de d\u00e9p\u00f4t. Le fait qu&rsquo;un document soit disponible sur ce site ne signifie pas que les renseignements contenus dans ce document n&rsquo;ont pas \u00e9t\u00e9 modifi\u00e9s ou remplac\u00e9s par des \u00e9v\u00e9nements ou par un document ou d\u00e9p\u00f4t subs\u00e9quent. Nous n&rsquo;avons aucune obligation ni politique de mettre \u00e0 jour les informations ou d\u00e9clarations contenues sur ce site et, par cons\u00e9- quent, ces informations ou d\u00e9clarations ne doivent pas \u00eatre consid\u00e9r\u00e9es comme \u00e9tant \u00e0 jour \u00e0 la date \u00e0 laque- lle vous acc\u00e9dez \u00e0 ce site.<\/p>\t\t\t\t\t\t\t\t<\/div>\n\t\t\t\t<\/div>\n\t\t\t\t\t<\/div>\n\t\t\t\t<\/div>\n\t\t<div class=\"elementor-element elementor-element-64a115d1 e-con-full e-flex e-con e-parent\" data-id=\"64a115d1\" data-element_type=\"container\" data-settings=\"{&quot;background_background&quot;:&quot;classic&quot;}\">\n\t\t\t\t<div class=\"elementor-element elementor-element-39c57a2b elementor-widget elementor-widget-spacer\" data-id=\"39c57a2b\" data-element_type=\"widget\" data-widget_type=\"spacer.default\">\n\t\t\t\t<div class=\"elementor-widget-container\">\n\t\t\t\t\t\t\t<div class=\"elementor-spacer\">\n\t\t\t<div class=\"elementor-spacer-inner\"><\/div>\n\t\t<\/div>\n\t\t\t\t\t\t<\/div>\n\t\t\t\t<\/div>\n\t\t\t\t<\/div>\n\t\t\t\t<\/div>","protected":false},"excerpt":{"rendered":"<p>1. VOTRE ACCORDEn utilisant ce site, vous acceptez d&rsquo;\u00eatre li\u00e9 par ces conditions et de les respecter. Si vous n&rsquo;acceptez pas ces conditions g\u00e9n\u00e9rales, veuillez ne pas utiliser ce site. VEUILLEZ NOTER: Nous nous r\u00e9servons le droit, \u00e0 notre seule discr\u00e9tion, de modifier ou autrement modifier ces conditions g\u00e9n\u00e9rales \u00e0 tout moment. Sauf indication contraire, [&hellip;]<\/p>","protected":false},"author":3,"featured_media":0,"parent":0,"menu_order":0,"comment_status":"closed","ping_status":"closed","template":"","meta":{"footnotes":""},"class_list":["post-1695","page","type-page","status-publish","hentry"],"yoast_head":"<!-- This site is optimized with the Yoast SEO plugin v24.9 - https:\/\/yoast.com\/wordpress\/plugins\/seo\/ -->\n<title>Termes et conditions - CAP-E<\/title>\n<meta name=\"robots\" content=\"index, follow, max-snippet:-1, max-image-preview:large, max-video-preview:-1\" \/>\n<link rel=\"canonical\" href=\"https:\/\/cap-e.ca\/en\/termes-conditions\/\" \/>\n<meta property=\"og:locale\" content=\"en_US\" \/>\n<meta property=\"og:type\" content=\"article\" \/>\n<meta property=\"og:title\" content=\"Termes et conditions - CAP-E\" \/>\n<meta property=\"og:description\" content=\"1. VOTRE ACCORDEn utilisant ce site, vous acceptez d&rsquo;\u00eatre li\u00e9 par ces conditions et de les respecter. Si vous n&rsquo;acceptez pas ces conditions g\u00e9n\u00e9rales, veuillez ne pas utiliser ce site. VEUILLEZ NOTER: Nous nous r\u00e9servons le droit, \u00e0 notre seule discr\u00e9tion, de modifier ou autrement modifier ces conditions g\u00e9n\u00e9rales \u00e0 tout moment. Sauf indication contraire, [&hellip;]\" \/>\n<meta property=\"og:url\" content=\"https:\/\/cap-e.ca\/en\/termes-conditions\/\" \/>\n<meta property=\"og:site_name\" content=\"CAP-E\" \/>\n<meta property=\"article:publisher\" content=\"https:\/\/www.facebook.com\/cape.parent.enfant\/\" \/>\n<meta property=\"article:modified_time\" content=\"2025-05-06T15:21:47+00:00\" \/>\n<meta name=\"twitter:card\" content=\"summary_large_image\" \/>\n<meta name=\"twitter:label1\" content=\"Est. reading time\" \/>\n\t<meta name=\"twitter:data1\" content=\"2 minutes\" \/>\n<script type=\"application\/ld+json\" class=\"yoast-schema-graph\">{\"@context\":\"https:\/\/schema.org\",\"@graph\":[{\"@type\":\"WebPage\",\"@id\":\"https:\/\/cap-e.ca\/termes-conditions\/\",\"url\":\"https:\/\/cap-e.ca\/termes-conditions\/\",\"name\":\"Termes et conditions - CAP-E\",\"isPartOf\":{\"@id\":\"https:\/\/cap-e.ca\/#website\"},\"datePublished\":\"2025-03-17T13:57:39+00:00\",\"dateModified\":\"2025-05-06T15:21:47+00:00\",\"breadcrumb\":{\"@id\":\"https:\/\/cap-e.ca\/termes-conditions\/#breadcrumb\"},\"inLanguage\":\"en-US\",\"potentialAction\":[{\"@type\":\"ReadAction\",\"target\":[\"https:\/\/cap-e.ca\/termes-conditions\/\"]}]},{\"@type\":\"BreadcrumbList\",\"@id\":\"https:\/\/cap-e.ca\/termes-conditions\/#breadcrumb\",\"itemListElement\":[{\"@type\":\"ListItem\",\"position\":1,\"name\":\"Home\",\"item\":\"https:\/\/cap-e.ca\/\"},{\"@type\":\"ListItem\",\"position\":2,\"name\":\"Termes et conditions\"}]},{\"@type\":\"WebSite\",\"@id\":\"https:\/\/cap-e.ca\/#website\",\"url\":\"https:\/\/cap-e.ca\/\",\"name\":\"CAP-E\",\"description\":\"\",\"potentialAction\":[{\"@type\":\"SearchAction\",\"target\":{\"@type\":\"EntryPoint\",\"urlTemplate\":\"https:\/\/cap-e.ca\/?s={search_term_string}\"},\"query-input\":{\"@type\":\"PropertyValueSpecification\",\"valueRequired\":true,\"valueName\":\"search_term_string\"}}],\"inLanguage\":\"en-US\"}]}<\/script>\n<!-- \/ Yoast SEO plugin. -->","yoast_head_json":{"title":"Termes et conditions - CAP-E","robots":{"index":"index","follow":"follow","max-snippet":"max-snippet:-1","max-image-preview":"max-image-preview:large","max-video-preview":"max-video-preview:-1"},"canonical":"https:\/\/cap-e.ca\/en\/termes-conditions\/","og_locale":"en_US","og_type":"article","og_title":"Termes et conditions - CAP-E","og_description":"1. VOTRE ACCORDEn utilisant ce site, vous acceptez d&rsquo;\u00eatre li\u00e9 par ces conditions et de les respecter. Si vous n&rsquo;acceptez pas ces conditions g\u00e9n\u00e9rales, veuillez ne pas utiliser ce site. VEUILLEZ NOTER: Nous nous r\u00e9servons le droit, \u00e0 notre seule discr\u00e9tion, de modifier ou autrement modifier ces conditions g\u00e9n\u00e9rales \u00e0 tout moment. Sauf indication contraire, [&hellip;]","og_url":"https:\/\/cap-e.ca\/en\/termes-conditions\/","og_site_name":"CAP-E","article_publisher":"https:\/\/www.facebook.com\/cape.parent.enfant\/","article_modified_time":"2025-05-06T15:21:47+00:00","twitter_card":"summary_large_image","twitter_misc":{"Est. reading time":"2 minutes"},"schema":{"@context":"https:\/\/schema.org","@graph":[{"@type":"WebPage","@id":"https:\/\/cap-e.ca\/termes-conditions\/","url":"https:\/\/cap-e.ca\/termes-conditions\/","name":"Termes et conditions - CAP-E","isPartOf":{"@id":"https:\/\/cap-e.ca\/#website"},"datePublished":"2025-03-17T13:57:39+00:00","dateModified":"2025-05-06T15:21:47+00:00","breadcrumb":{"@id":"https:\/\/cap-e.ca\/termes-conditions\/#breadcrumb"},"inLanguage":"en-US","potentialAction":[{"@type":"ReadAction","target":["https:\/\/cap-e.ca\/termes-conditions\/"]}]},{"@type":"BreadcrumbList","@id":"https:\/\/cap-e.ca\/termes-conditions\/#breadcrumb","itemListElement":[{"@type":"ListItem","position":1,"name":"Home","item":"https:\/\/cap-e.ca\/"},{"@type":"ListItem","position":2,"name":"Termes et conditions"}]},{"@type":"WebSite","@id":"https:\/\/cap-e.ca\/#website","url":"https:\/\/cap-e.ca\/","name":"CAP-E","description":"","potentialAction":[{"@type":"SearchAction","target":{"@type":"EntryPoint","urlTemplate":"https:\/\/cap-e.ca\/?s={search_term_string}"},"query-input":{"@type":"PropertyValueSpecification","valueRequired":true,"valueName":"search_term_string"}}],"inLanguage":"en-US"}]}},"_links":{"self":[{"href":"https:\/\/cap-e.ca\/en\/wp-json\/wp\/v2\/pages\/1695","targetHints":{"allow":["GET"]}}],"collection":[{"href":"https:\/\/cap-e.ca\/en\/wp-json\/wp\/v2\/pages"}],"about":[{"href":"https:\/\/cap-e.ca\/en\/wp-json\/wp\/v2\/types\/page"}],"author":[{"embeddable":true,"href":"https:\/\/cap-e.ca\/en\/wp-json\/wp\/v2\/users\/3"}],"replies":[{"embeddable":true,"href":"https:\/\/cap-e.ca\/en\/wp-json\/wp\/v2\/comments?post=1695"}],"version-history":[{"count":17,"href":"https:\/\/cap-e.ca\/en\/wp-json\/wp\/v2\/pages\/1695\/revisions"}],"predecessor-version":[{"id":11885,"href":"https:\/\/cap-e.ca\/en\/wp-json\/wp\/v2\/pages\/1695\/revisions\/11885"}],"wp:attachment":[{"href":"https:\/\/cap-e.ca\/en\/wp-json\/wp\/v2\/media?parent=1695"}],"curies":[{"name":"wp","href":"https:\/\/api.w.org\/{rel}","templated":true}]}}